{"id":4359,"date":"2015-11-14T16:07:21","date_gmt":"2015-11-14T16:07:21","guid":{"rendered":"https:\/\/rauchlosefreiheit.de\/?page_id=4359"},"modified":"2020-05-14T12:27:55","modified_gmt":"2020-05-14T12:27:55","slug":"e-zigarette-starterset","status":"publish","type":"page","link":"https:\/\/rauchlosefreiheit.de\/it\/starter-kit-per-sigarette-elettroniche\/","title":{"rendered":"Starter set di sigarette elettroniche"},"content":{"rendered":"<p>Volete iniziare a cuocere a vapore, ma non sapete quali sigarette elettroniche sono adatte ai principianti? C'\u00e8 un set iniziale di sigarette elettroniche e a cosa dovreste fare attenzione quando acquistate? Avete bisogno di accessori aggiuntivi per la cottura a vapore?<\/p>\n<h2>Smokeless freedom mette insieme volentieri un set iniziale di e-sigaretta per voi.<\/h2>\n<p>Noi di <a href=\"https:\/\/rauchlosefreiheit.de\/it\/\">Rauchlosefreiheit.de<\/a> raccomandare per i principianti sempre un set, che contiene due completi <a href=\"\/it\/elektronische-Zigaretten\/\">sigarette elettroniche<\/a> Mentre una sigaretta \u00e8 in uso, l'altra pu\u00f2 essere ricaricata con una batteria ricaricabile, spesso ci sono anche dei set di partenza dove \u00e8 necessario ordinare solo il liquido. Consigliamo ai principianti di orientarsi sui set di partenza. Una sigaretta elettrica \u00e8 composta da un bocchino, una batteria ricaricabile, l'evaporatore e una cartuccia contenente il liquido. Non appena il consumatore tira la sigaretta elettronica, il liquido viene riscaldato da una batteria di riscaldamento per formare vapore, poi il vapore esce dal bocchino e pu\u00f2 essere utilizzato dal donatore. <a href=\"\/it\/beste-E-Zigarette\/\">migliore sigaretta elettronica<\/a> Tuttavia, \u00e8 significativo che pi\u00f9 grande \u00e8 la batteria, pi\u00f9 a lungo dura il piacere di fumare e pi\u00f9 forte \u00e8 il gusto e il flash. Saremo lieti di parlarvi personalmente al telefono e di consigliarvi sulla nostra offerta. Saremo lieti di consigliarvi il set iniziale di e-sigarette.<\/p>\n<h2>Trovare il set iniziale di e-sigaretta giusto<\/h2>\n<p>Come principiante, spesso \u00e8 difficile trovare il giusto set iniziale di e-sigaretta: su Internet siete sopraffatti da fornitori e migliaia di sigarette elettroniche diverse. Smoke-free \u00e8 un \"negozio di fiducia\" certificato che si caratterizza per la sua qualit\u00e0, vendiamo solo prodotti di cui siamo convinti, vi garantiamo prodotti eccellenti a prezzi accessibili. I nostri set iniziali vi danno una descrizione dettagliata sull'uso di una e-sigaretta e vi portano per mano con i primi passi. Il vantaggio di una e-sigaretta \u00e8 che potete determinare voi stessi il contenuto di nicotina.<\/p>\n<p>Prendi subito il tuo set di base e concediti il tuo test di partenza!<\/p>\n<p><img loading=\"lazy\" decoding=\"async\" class=\"aligncenter size-full wp-image-4500\" src=\"https:\/\/rauchlosefreiheit.de\/wp-content\/uploads\/2015\/12\/shutterstock_270566.jpg\" alt=\"vapore non fumo\" width=\"1000\" height=\"150\" srcset=\"https:\/\/rauchlosefreiheit.de\/wp-content\/uploads\/2015\/12\/shutterstock_270566-100x15.jpg 100w, https:\/\/rauchlosefreiheit.de\/wp-content\/uploads\/2015\/12\/shutterstock_270566-300x45.jpg 300w, https:\/\/rauchlosefreiheit.de\/wp-content\/uploads\/2015\/12\/shutterstock_270566-500x75.jpg 500w, https:\/\/rauchlosefreiheit.de\/wp-content\/uploads\/2015\/12\/shutterstock_270566-768x115.jpg 768w, https:\/\/rauchlosefreiheit.de\/wp-content\/uploads\/2015\/12\/shutterstock_270566.jpg 1000w\" sizes=\"auto, (max-width: 1000px) 100vw, 1000px\" \/><\/p>","protected":false},"excerpt":{"rendered":"<p>Vuoi iniziare a svapare, ma non sai bene quali sigarette elettroniche sono adatte ai principianti?  Esiste uno starter set di sigarette elettroniche e a cosa bisogna prestare attenzione quando se ne acquista uno? Hai bisogno di altri accessori per il vaping? Rauchlosefreiheit sar\u00e0 felice di mettere insieme un set iniziale di sigarette elettroniche per te Noi di Rauchlosefreiheit.de raccomandiamo sempre un set per principianti che include due ...<\/p>","protected":false},"author":1,"featured_media":0,"parent":0,"menu_order":0,"comment_status":"closed","ping_status":"closed","template":"","meta":{"_acf_changed":false,"_genesis_hide_title":false,"_genesis_hide_breadcrumbs":false,"_genesis_hide_singular_image":false,"_genesis_hide_footer_widgets":false,"_genesis_custom_body_class":"","_genesis_custom_post_class":"","_genesis_layout":"","footnotes":""},"class_list":{"1":"page","2":"type-page","5":"entry"},"acf":[],"_links":{"self":[{"href":"https:\/\/rauchlosefreiheit.de\/it\/wp-json\/wp\/v2\/pages\/4359","targetHints":{"allow":["GET"]}}],"collection":[{"href":"https:\/\/rauchlosefreiheit.de\/it\/wp-json\/wp\/v2\/pages"}],"about":[{"href":"https:\/\/rauchlosefreiheit.de\/it\/wp-json\/wp\/v2\/types\/page"}],"author":[{"embeddable":true,"href":"https:\/\/rauchlosefreiheit.de\/it\/wp-json\/wp\/v2\/users\/1"}],"replies":[{"embeddable":true,"href":"https:\/\/rauchlosefreiheit.de\/it\/wp-json\/wp\/v2\/comments?post=4359"}],"version-history":[{"count":1,"href":"https:\/\/rauchlosefreiheit.de\/it\/wp-json\/wp\/v2\/pages\/4359\/revisions"}],"predecessor-version":[{"id":38625,"href":"https:\/\/rauchlosefreiheit.de\/it\/wp-json\/wp\/v2\/pages\/4359\/revisions\/38625"}],"wp:attachment":[{"href":"https:\/\/rauchlosefreiheit.de\/it\/wp-json\/wp\/v2\/media?parent=4359"}],"curies":[{"name":"wp","href":"https:\/\/api.w.org\/{rel}","templated":true}]}}