{"id":4357,"date":"2015-11-14T16:04:45","date_gmt":"2015-11-14T16:04:45","guid":{"rendered":"https:\/\/rauchlosefreiheit.de\/?page_id=4357"},"modified":"2016-01-30T13:40:29","modified_gmt":"2016-01-30T13:40:29","slug":"elektronische-zigarette","status":"publish","type":"page","link":"https:\/\/rauchlosefreiheit.de\/it\/sigaretta-elettronica\/","title":{"rendered":"Sigaretta elettronica"},"content":{"rendered":"<p>Siete interessati a una sigaretta elettronica? Volete allontanarvi dalla sigaretta normale e provare qualcosa di diverso?  O forse sei gi\u00e0 un appassionato di e-sigarette e vorresti provare una nuova <a href=\"https:\/\/rauchlosefreiheit.de\/it\/comprare-una-sigaretta-elettronica\/\">Acquista e-sigaretta<\/a>\u266a you are looking for the <a href=\"\/it\/beste-E-Zigarette\/\">migliore sigaretta elettronica<\/a>?<\/p>\n<h2>Ordina sigaretta elettronica su Rauslosefreiheit.de<\/h2>\n<p>Una sigaretta elettronica \u00e8 composta da tre parti: boccaglio, batteria, evaporatore e una cartuccia in cui \u00e8 possibile aggiungere il liquido. Non appena il consumatore tira la sigaretta elettronica, il liquido viene riscaldato da una spirale di riscaldamento per formare vapore, il vapore esce dal boccaglio e pu\u00f2 essere inalato dal consumatore. Il vantaggio di una sigaretta elettronica \u00e8 che non c'\u00e8 fumo, che potrebbe essere fastidioso per gli altri, e le sostanze tossiche come il catrame non vengono fatte passare nei polmoni.<\/p>\n<h2>Le sigarette elettroniche stanno diventando sempre pi\u00f9 popolari<\/h2>\n<p>Sempre pi\u00f9 persone si rivolgono alla sigaretta elettronica in questi giorni. Al posto della sigaretta convenzionale, sempre pi\u00f9 persone cercano la sigaretta elettronica. Naturalmente la sigaretta convenzionale non perder\u00e0 mai la sua posizione, ma sempre pi\u00f9 persone amano i vaporizzatori. La sigaretta elettronica e il vaporizzatore fanno in modo di evitare la combustione della sostanza.  Non ci sono prodotti di scarto nocivi che potrebbero entrare nei polmoni per inalazione.  Su Rauchlosefreiheit.de \u00e8 possibile acquistare anche vaporizzatori e vaporizzatori. Queste sono cos\u00ec pratiche nelle loro dimensioni che si possono facilmente portare nella tasca della giacca. A casa sul divano, a una festa, in un ristorante o al parco con gli amici - cuocete a vapore comodamente e prendetevi un po' di tempo per uscire. Concedetevi una piccola ricompensa per l'intermezzo e ricominciate pieni di energia. Nel nostro negozio online troverete i nostri prodotti e il calcolatore E-Liquid, con il quale potrete calcolare un rapporto di miscelazione. In questo modo \u00e8 possibile miscelare il proprio liquido in modo semplice e veloce e risparmiare denaro.<\/p>\n<p>Acquista ora nel nostro <a href=\"https:\/\/rauchlosefreiheit.de\/it\/contatto\/\">negozio online<\/a> La tua sigaretta elettronica!  Se avete domande, non esitate a contattarci in qualsiasi momento.<\/p>\n<p><img loading=\"lazy\" decoding=\"async\" class=\"aligncenter size-full wp-image-4500\" src=\"https:\/\/rauchlosefreiheit.de\/wp-content\/uploads\/2015\/12\/shutterstock_270566.jpg\" alt=\"vapore non fumo\" width=\"1000\" height=\"150\" srcset=\"https:\/\/rauchlosefreiheit.de\/wp-content\/uploads\/2015\/12\/shutterstock_270566-100x15.jpg 100w, https:\/\/rauchlosefreiheit.de\/wp-content\/uploads\/2015\/12\/shutterstock_270566-300x45.jpg 300w, https:\/\/rauchlosefreiheit.de\/wp-content\/uploads\/2015\/12\/shutterstock_270566-500x75.jpg 500w, https:\/\/rauchlosefreiheit.de\/wp-content\/uploads\/2015\/12\/shutterstock_270566-768x115.jpg 768w, https:\/\/rauchlosefreiheit.de\/wp-content\/uploads\/2015\/12\/shutterstock_270566.jpg 1000w\" sizes=\"auto, (max-width: 1000px) 100vw, 1000px\" \/><\/p>","protected":false},"excerpt":{"rendered":"<p>Sei interessato a una sigaretta elettronica? Ti piacerebbe allontanarti dalla sigaretta normale e provare qualcosa di diverso?  O forse sei gi\u00e0 un fan delle sigarette elettroniche e vorresti comprare una nuova sigaretta elettronica? Stai cercando la migliore sigaretta elettronica? Ordina una sigaretta elettronica su Rauslosefreiheit.de Una sigaretta elettronica \u00e8 composta da tre parti. Consiste in ...<\/p>","protected":false},"author":1,"featured_media":0,"parent":0,"menu_order":0,"comment_status":"closed","ping_status":"closed","template":"","meta":{"_acf_changed":false,"_genesis_hide_title":false,"_genesis_hide_breadcrumbs":false,"_genesis_hide_singular_image":false,"_genesis_hide_footer_widgets":false,"_genesis_custom_body_class":"","_genesis_custom_post_class":"","_genesis_layout":"","footnotes":""},"class_list":{"1":"page","2":"type-page","5":"entry"},"acf":[],"_links":{"self":[{"href":"https:\/\/rauchlosefreiheit.de\/it\/wp-json\/wp\/v2\/pages\/4357","targetHints":{"allow":["GET"]}}],"collection":[{"href":"https:\/\/rauchlosefreiheit.de\/it\/wp-json\/wp\/v2\/pages"}],"about":[{"href":"https:\/\/rauchlosefreiheit.de\/it\/wp-json\/wp\/v2\/types\/page"}],"author":[{"embeddable":true,"href":"https:\/\/rauchlosefreiheit.de\/it\/wp-json\/wp\/v2\/users\/1"}],"replies":[{"embeddable":true,"href":"https:\/\/rauchlosefreiheit.de\/it\/wp-json\/wp\/v2\/comments?post=4357"}],"version-history":[{"count":0,"href":"https:\/\/rauchlosefreiheit.de\/it\/wp-json\/wp\/v2\/pages\/4357\/revisions"}],"wp:attachment":[{"href":"https:\/\/rauchlosefreiheit.de\/it\/wp-json\/wp\/v2\/media?parent=4357"}],"curies":[{"name":"wp","href":"https:\/\/api.w.org\/{rel}","templated":true}]}}