{"id":4355,"date":"2015-11-14T16:03:01","date_gmt":"2015-11-14T16:03:01","guid":{"rendered":"https:\/\/rauchlosefreiheit.de\/?page_id=4355"},"modified":"2020-05-14T12:11:27","modified_gmt":"2020-05-14T12:11:27","slug":"blog-beste-e-zigarette","status":"publish","type":"page","link":"https:\/\/rauchlosefreiheit.de\/it\/blog-migliore-e-sigaretta\/","title":{"rendered":"La migliore sigaretta elettronica"},"content":{"rendered":"<p>Qual \u00e8 la migliore sigaretta elettronica? Quale sigaretta elettronica \u00e8 pi\u00f9 adatta a te? Sei un principiante e non sai cosa considerare quando acquisti una sigaretta elettronica? O sei gi\u00e0 un fan della sigaretta elettronica lunga e vorresti cercarne una nuova?<\/p>\n<p><!--more--><\/p>\n<h2>Migliore sigaretta elettronica con Rauchlosefreiheit.de<\/h2>\n<p><a href=\"https:\/\/rauchlosefreiheit.de\/it\/\">Rauchlosefreiheit.de<\/a> \u00a0offre una vasta gamma di sigarette elettroniche e pezzi di ricambio, <a href=\"https:\/\/rauchlosefreiheit.de\/it\/produkt-kategorie\/vaporizer-hardware\/\">vaporizzatore<\/a>, <a href=\"https:\/\/rauchlosefreiheit.de\/it\/produkt-kategorie\/liquid-2\/\">liquidi<\/a> e inoltre <a href=\"https:\/\/rauchlosefreiheit.de\/it\/produkt-kategorie\/e-zigaretten-hardware\/e-zigaretten-zubehoer\/\">Accessori  sigarette elettroniche<\/a>La durata della batteria di alcune e-sigarette \u00e8 molto breve, ma si pu\u00f2 presumere che tutte le e-sigarette che vendiamo nel nostro negozio online avranno la stessa durata della batteria indicata nella descrizione del prodotto. In generale, pi\u00f9 grande \u00e8 la batteria, pi\u00f9 a lungo pu\u00f2 essere cotta a vapore con una sola carica della batteria e migliore \u00e8 il vaporizzatore, che ha anche un effetto positivo sul flash, il gusto e il vaporizzatore, che ha anche un effetto positivo sul flash, il gusto e il vaporizzatore, che ha anche un effetto positivo. <a href=\"https:\/\/rauchlosefreiheit.de\/it\/produkt-kategorie\/e-zigaretten-hardware\/\">E-sigaretta<\/a> Immaginate come potete rilassarvi e rilassarvi durante la pausa pranzo.<\/p>\n<h2>La migliore sigaretta elettronica<\/h2>\n<p>Nel nostro negozio online si uniscono prodotti di alta qualit\u00e0 e consulenza di esperti. Il servizio clienti sar\u00e0 lieto di consigliarvi sulle nostre varie e-sigarette, ma \u00e8 difficile dire quale sia la migliore e-sigaretta, che dipende interamente dalle vostre abitudini di fumo. Se siete principianti, vi consigliamo una e-sigaretta diversa da quella che se state cercando una nuova e-sigaretta. Grazie alla nostra pluriennale esperienza nel campo della vendita di vaporizzatori, possiamo consigliarvi individualmente ad alto livello. Non abbiate paura di chiamarci o inviarci una e-mail <a href=\"https:\/\/rauchlosefreiheit.de\/it\/contatto\/\">contatto<\/a> Provate una nuova esperienza di fumo. Mescolate i vostri liquidi secondo le vostre esigenze di gusto e create il vostro aroma personale. Provate il vostro proprio <a href=\"https:\/\/rauchlosefreiheit.de\/it\/blog-e-sigaretta-test\/\">Sigaretta elettronica in prova<\/a>.<\/p>\n<p>Ordina la migliore e-sigaretta ora via Rauchlosefreiheit.de e vivi una nuova esperienza di fumo.<\/p>\n<p><img loading=\"lazy\" decoding=\"async\" class=\"aligncenter size-full wp-image-4500\" src=\"https:\/\/rauchlosefreiheit.de\/wp-content\/uploads\/2015\/12\/shutterstock_270566.jpg\" alt=\"vapore non fumo\" width=\"1000\" height=\"150\" srcset=\"https:\/\/rauchlosefreiheit.de\/wp-content\/uploads\/2015\/12\/shutterstock_270566-100x15.jpg 100w, https:\/\/rauchlosefreiheit.de\/wp-content\/uploads\/2015\/12\/shutterstock_270566-300x45.jpg 300w, https:\/\/rauchlosefreiheit.de\/wp-content\/uploads\/2015\/12\/shutterstock_270566-500x75.jpg 500w, https:\/\/rauchlosefreiheit.de\/wp-content\/uploads\/2015\/12\/shutterstock_270566-768x115.jpg 768w, https:\/\/rauchlosefreiheit.de\/wp-content\/uploads\/2015\/12\/shutterstock_270566.jpg 1000w\" sizes=\"auto, (max-width: 1000px) 100vw, 1000px\" \/><\/p>","protected":false},"excerpt":{"rendered":"<p>Qual \u00e8 la migliore sigaretta elettronica? Quale sigaretta elettronica \u00e8 pi\u00f9 adatta a te? Sei un principiante e non sai cosa considerare quando acquisti una sigaretta elettronica? O sei gi\u00e0 un fan della sigaretta elettronica lunga e vorresti cercarne una nuova?<\/p>","protected":false},"author":1,"featured_media":0,"parent":0,"menu_order":0,"comment_status":"closed","ping_status":"closed","template":"","meta":{"_acf_changed":false,"_genesis_hide_title":false,"_genesis_hide_breadcrumbs":false,"_genesis_hide_singular_image":false,"_genesis_hide_footer_widgets":false,"_genesis_custom_body_class":"","_genesis_custom_post_class":"","_genesis_layout":"","footnotes":""},"class_list":{"1":"page","2":"type-page","5":"entry"},"acf":[],"_links":{"self":[{"href":"https:\/\/rauchlosefreiheit.de\/it\/wp-json\/wp\/v2\/pages\/4355","targetHints":{"allow":["GET"]}}],"collection":[{"href":"https:\/\/rauchlosefreiheit.de\/it\/wp-json\/wp\/v2\/pages"}],"about":[{"href":"https:\/\/rauchlosefreiheit.de\/it\/wp-json\/wp\/v2\/types\/page"}],"author":[{"embeddable":true,"href":"https:\/\/rauchlosefreiheit.de\/it\/wp-json\/wp\/v2\/users\/1"}],"replies":[{"embeddable":true,"href":"https:\/\/rauchlosefreiheit.de\/it\/wp-json\/wp\/v2\/comments?post=4355"}],"version-history":[{"count":1,"href":"https:\/\/rauchlosefreiheit.de\/it\/wp-json\/wp\/v2\/pages\/4355\/revisions"}],"predecessor-version":[{"id":38617,"href":"https:\/\/rauchlosefreiheit.de\/it\/wp-json\/wp\/v2\/pages\/4355\/revisions\/38617"}],"wp:attachment":[{"href":"https:\/\/rauchlosefreiheit.de\/it\/wp-json\/wp\/v2\/media?parent=4355"}],"curies":[{"name":"wp","href":"https:\/\/api.w.org\/{rel}","templated":true}]}}