{"id":4353,"date":"2015-11-14T16:01:14","date_gmt":"2015-11-14T16:01:14","guid":{"rendered":"https:\/\/rauchlosefreiheit.de\/?page_id=4353"},"modified":"2016-02-13T17:39:28","modified_gmt":"2016-02-13T17:39:28","slug":"elektro-zigarette","status":"publish","type":"page","link":"https:\/\/rauchlosefreiheit.de\/it\/sigaretta-elettrica\/","title":{"rendered":"Sigaretta elettrica"},"content":{"rendered":"<p>Cos'\u00e8 una sigaretta elettronica e in cosa si differenzia da una sigaretta normale? Si deve prendere una sigaretta elettronica quando si vuole smettere di fumare? Quali fattori dovreste considerare al momento dell'acquisto?<\/p>\n<h2>Rauchlosefreiheit.de ha la sigaretta elettronica giusta per voi<\/h2>\n<p>Una sigaretta elettrica, detta anche e-sigaretta, \u00e8 l'alternativa pi\u00f9 sana rispetto a una sigaretta normale. \u00c8 composto da un boccaglio, una batteria ricaricabile, un vaporizzatore e una cartuccia in cui si pu\u00f2 mettere il liquido. I Liquidi sono disponibili in tutti i possibili gusti. Con una calcolatrice E-Liquid, che trovate su Rauchlosefreiheit.de, potete facilmente calcolare il vostro rapporto di miscelazione perfetto, in modo da poter comporre il vostro liquido. I liquidi possono essere miscelati con o senza nicotina. Una sigaretta elettrica funziona secondo il principio della vaporizzazione. Il liquido viene trasferito dalla cartuccia al vaporizzatore, dove si trova una serpentina di riscaldamento. Questo riscalda il liquido a 65C\u00b0, che lo fa evaporare. Ci\u00f2 impedisce l'ossidazione delle sostanze, il che significa che le sostanze tossiche, come il catrame, non possono entrare nei polmoni.  Con Rauchlosefreiheit.de \u00e8 possibile <a href=\"https:\/\/rauchlosefreiheit.de\/it\/comprare-una-sigaretta-elettronica\/\">Acquista e-sigaretta<\/a> e nel giro di pochi giorni lavorativi il vostro <a href=\"\/it\/E-Zigarette-in-den-Test\/\">Sigaretta elettronica nel test<\/a>\u00a0prova. Se avete domande, non esitate a contattarci.<\/p>\n<h2>\u00a0Un buon consiglio per la sigaretta elettrica<\/h2>\n<p>Se state cercando una sigaretta elettronica, allora siete venuti nel posto giusto. Se siete interessati alla vostra scelta di <a href=\"\/it\/E-Zigarette-im-Shop\/\">e-sigaretta nel negozio<\/a> non sono sicuri, questo non \u00e8 un problema. Siamo lieti di aiutarvi con consigli, in modo da poter trovare la sigaretta elettronica giusta per voi.  Grazie alla nostra esperienza pluriennale nella vendita di sigarette elettroniche e, non da ultimo, attraverso il consumo, possiamo darvi una consulenza professionale. Essendo un negozio di fiducia certificato, possiamo garantirvi una transazione d'acquisto sicura e di qualit\u00e0. Nel nostro paese, i Paesi Bassi, abbiamo gi\u00e0 costruito una vasta e solida clientela che si affida ai nostri prodotti e alla nostra collaborazione.  Provate uno dei nostri prodotti e spegnete completamente la stressante vita quotidiana. Godetevi la libert\u00e0 senza fumo e il vapore ovunque vogliate.<\/p>\n<p>Ordinate subito la vostra sigaretta elettronica ed entro pochi giorni lavorativi riceverete il pacchetto libert\u00e0 senza fumo.<\/p>\n<p><img loading=\"lazy\" decoding=\"async\" class=\"aligncenter size-full wp-image-4500\" src=\"https:\/\/rauchlosefreiheit.de\/wp-content\/uploads\/2015\/12\/shutterstock_270566.jpg\" alt=\"vapore non fumo\" width=\"1000\" height=\"150\" srcset=\"https:\/\/rauchlosefreiheit.de\/wp-content\/uploads\/2015\/12\/shutterstock_270566-100x15.jpg 100w, https:\/\/rauchlosefreiheit.de\/wp-content\/uploads\/2015\/12\/shutterstock_270566-300x45.jpg 300w, https:\/\/rauchlosefreiheit.de\/wp-content\/uploads\/2015\/12\/shutterstock_270566-500x75.jpg 500w, https:\/\/rauchlosefreiheit.de\/wp-content\/uploads\/2015\/12\/shutterstock_270566-768x115.jpg 768w, https:\/\/rauchlosefreiheit.de\/wp-content\/uploads\/2015\/12\/shutterstock_270566.jpg 1000w\" sizes=\"auto, (max-width: 1000px) 100vw, 1000px\" \/><\/p>","protected":false},"excerpt":{"rendered":"<p>Cos'\u00e8 una sigaretta elettronica e come \u00e8 diversa da una sigaretta normale? Dovresti comprare una sigaretta elettronica se vuoi smettere di fumare? Quali fattori bisogna considerare quando si acquista? Smokelessfree.com ha la sigaretta elettronica giusta per te Una sigaretta elettronica, conosciuta anche come e-sigaretta, \u00e8 l'alternativa pi\u00f9 sana alla sigaretta normale.<\/p>","protected":false},"author":1,"featured_media":0,"parent":0,"menu_order":0,"comment_status":"closed","ping_status":"closed","template":"","meta":{"_acf_changed":false,"_genesis_hide_title":false,"_genesis_hide_breadcrumbs":false,"_genesis_hide_singular_image":false,"_genesis_hide_footer_widgets":false,"_genesis_custom_body_class":"","_genesis_custom_post_class":"","_genesis_layout":"","footnotes":""},"class_list":{"1":"page","2":"type-page","5":"entry"},"acf":[],"_links":{"self":[{"href":"https:\/\/rauchlosefreiheit.de\/it\/wp-json\/wp\/v2\/pages\/4353","targetHints":{"allow":["GET"]}}],"collection":[{"href":"https:\/\/rauchlosefreiheit.de\/it\/wp-json\/wp\/v2\/pages"}],"about":[{"href":"https:\/\/rauchlosefreiheit.de\/it\/wp-json\/wp\/v2\/types\/page"}],"author":[{"embeddable":true,"href":"https:\/\/rauchlosefreiheit.de\/it\/wp-json\/wp\/v2\/users\/1"}],"replies":[{"embeddable":true,"href":"https:\/\/rauchlosefreiheit.de\/it\/wp-json\/wp\/v2\/comments?post=4353"}],"version-history":[{"count":0,"href":"https:\/\/rauchlosefreiheit.de\/it\/wp-json\/wp\/v2\/pages\/4353\/revisions"}],"wp:attachment":[{"href":"https:\/\/rauchlosefreiheit.de\/it\/wp-json\/wp\/v2\/media?parent=4353"}],"curies":[{"name":"wp","href":"https:\/\/api.w.org\/{rel}","templated":true}]}}