{"id":4351,"date":"2015-11-14T15:35:03","date_gmt":"2015-11-14T15:35:03","guid":{"rendered":"https:\/\/rauchlosefreiheit.de\/?page_id=4351"},"modified":"2015-12-17T13:19:28","modified_gmt":"2015-12-17T13:19:28","slug":"e-zigarette-kaufen","status":"publish","type":"page","link":"https:\/\/rauchlosefreiheit.de\/it\/comprare-una-sigaretta-elettronica\/","title":{"rendered":"Acquista e-sigaretta"},"content":{"rendered":"<p>Stai cercando una sigaretta elettronica? A cosa bisogna prestare attenzione quando si acquista una buona sigaretta elettronica? Siete alla ricerca di un negozio online affidabile con prodotti di alta qualit\u00e0?  Di cosa avete bisogno per iniziare a cuocere a vapore?<\/p>\n<h2>Acquistare una sigaretta elettronica e sperimentare un fuoco d'artificio dei sensi del gusto<\/h2>\n<p>Diventa un piroscafo e fuma pi\u00f9 sano. Su Rauchlosefreiheit.de \u00e8 possibile acquistare una sigaretta elettronica. Uno <a href=\"https:\/\/rauchlosefreiheit.de\/it\/e-sigaretta\/\">E-sigaretta<\/a> assicura che le tossine pericolose come catrame, metalli pesanti, nitrosammine, acido prussico e cianuro non entrino nei polmoni in primo luogo. Le sigarette elettroniche utilizzano il principio della vaporizzazione. La temperatura all'interno dell'apparecchio \u00e8 regolata in modo che il liquido venga riscaldato solo fino a quando non evapora. In questo modo si pu\u00f2 evitare una combustione nociva delle sostanze, come nel caso della sigaretta tradizionale. Nel nostro negozio online troverete una selezione di diverse e-sigarette. Siamo un \"negozio di fiducia\" certificato, quindi possiamo garantire qualit\u00e0 e professionalit\u00e0. Se acquistate un prodotto di vostra scelta, potete presumere che noi manteniamo le nostre promesse. Se non siete sicuri del prodotto giusto, non esitate a contattarci. Siamo inoltre lieti di consigliarvi per telefono o di rispondere alle vostre domande via e-mail. Acquista un <a href=\"\/it\/E-Zigarette-im-Shop\/\">e-sigaretta nel negozio<\/a> da Rauchlosefreiheit.de e avere il prodotto desiderato a casa entro pochi giorni lavorativi. Con noi potete acquistare la vostra e-sigaretta e sperimentare un fuoco d'artificio dei sensi del gusto.<\/p>\n<h2>Acquista una sigaretta elettronica e goditi la libert\u00e0 senza fumo<\/h2>\n<p>La sigaretta elettronica non rientra nel divieto generale di fumo. Quindi significa che si pu\u00f2 cuocere il vapore dove si vuole. Godetevi la vostra libert\u00e0 senza fumo e decidete voi stessi quando e dove volete fare il bagno turco. Prendetene uno voi stessi <a href=\"\/it\/E-Zigarette-in-den-Test\/\">Sigaretta elettronica nel test<\/a> e provare le varie deliziose esperienze di gusto. \u00c8 difficile imitarli con una sigaretta convenzionale. Entrate a far parte di un nuovo gruppo di tendenza, perch\u00e9 sempre pi\u00f9 persone si rivolgono alle sigarette elettroniche in questi giorni. Vaporizzare una sigaretta di questo tipo significa fumare in modo pi\u00f9 sano, poich\u00e9 le sostanze cancerogene non entrano nemmeno nel corpo.<\/p>\n<p><a href=\"\/it\/shop-3\/\">Acquista subito una sigaretta elettronica su Rauchlosefreiheit.de<\/a> e vivere pi\u00f9 sano domani!<\/p>\n<p><img loading=\"lazy\" decoding=\"async\" class=\"aligncenter size-full wp-image-4500\" src=\"https:\/\/rauchlosefreiheit.de\/wp-content\/uploads\/2015\/12\/shutterstock_270566.jpg\" alt=\"vapore non fumo\" width=\"1000\" height=\"150\" srcset=\"https:\/\/rauchlosefreiheit.de\/wp-content\/uploads\/2015\/12\/shutterstock_270566-100x15.jpg 100w, https:\/\/rauchlosefreiheit.de\/wp-content\/uploads\/2015\/12\/shutterstock_270566-300x45.jpg 300w, https:\/\/rauchlosefreiheit.de\/wp-content\/uploads\/2015\/12\/shutterstock_270566-500x75.jpg 500w, https:\/\/rauchlosefreiheit.de\/wp-content\/uploads\/2015\/12\/shutterstock_270566-768x115.jpg 768w, https:\/\/rauchlosefreiheit.de\/wp-content\/uploads\/2015\/12\/shutterstock_270566.jpg 1000w\" sizes=\"auto, (max-width: 1000px) 100vw, 1000px\" \/><\/p>","protected":false},"excerpt":{"rendered":"<p>Siete alla ricerca di una sigaretta elettronica? Cosa bisogna cercare quando si acquista una buona sigaretta elettronica? Siete alla ricerca di un negozio online affidabile con prodotti di alta qualit\u00e0?  Di cosa avete bisogno per iniziare a svapare? Acquistate una sigaretta elettronica e provate un fuoco d'artificio di sensazioni gustative Diventate un fumatore e fumate in modo pi\u00f9 sano. Su smokelessfreiheit.de potete ...<\/p>","protected":false},"author":1,"featured_media":0,"parent":0,"menu_order":0,"comment_status":"closed","ping_status":"closed","template":"","meta":{"_acf_changed":false,"_genesis_hide_title":false,"_genesis_hide_breadcrumbs":false,"_genesis_hide_singular_image":false,"_genesis_hide_footer_widgets":false,"_genesis_custom_body_class":"","_genesis_custom_post_class":"","_genesis_layout":"","footnotes":""},"class_list":{"1":"page","2":"type-page","5":"entry"},"acf":[],"_links":{"self":[{"href":"https:\/\/rauchlosefreiheit.de\/it\/wp-json\/wp\/v2\/pages\/4351","targetHints":{"allow":["GET"]}}],"collection":[{"href":"https:\/\/rauchlosefreiheit.de\/it\/wp-json\/wp\/v2\/pages"}],"about":[{"href":"https:\/\/rauchlosefreiheit.de\/it\/wp-json\/wp\/v2\/types\/page"}],"author":[{"embeddable":true,"href":"https:\/\/rauchlosefreiheit.de\/it\/wp-json\/wp\/v2\/users\/1"}],"replies":[{"embeddable":true,"href":"https:\/\/rauchlosefreiheit.de\/it\/wp-json\/wp\/v2\/comments?post=4351"}],"version-history":[{"count":0,"href":"https:\/\/rauchlosefreiheit.de\/it\/wp-json\/wp\/v2\/pages\/4351\/revisions"}],"wp:attachment":[{"href":"https:\/\/rauchlosefreiheit.de\/it\/wp-json\/wp\/v2\/media?parent=4351"}],"curies":[{"name":"wp","href":"https:\/\/api.w.org\/{rel}","templated":true}]}}