{"id":4349,"date":"2015-11-14T15:33:10","date_gmt":"2015-11-14T15:33:10","guid":{"rendered":"https:\/\/rauchlosefreiheit.de\/?page_id=4349"},"modified":"2015-12-17T13:22:06","modified_gmt":"2015-12-17T13:22:06","slug":"e-zigarette-test","status":"publish","type":"page","link":"https:\/\/rauchlosefreiheit.de\/it\/test-di-e-zigarette\/","title":{"rendered":"Test di sigaretta elettronica"},"content":{"rendered":"<p>Non hai mai lavorato con un <a href=\"https:\/\/rauchlosefreiheit.de\/it\/e-sigaretta\/\">E-sigaretta<\/a> al vapore? Fino ad ora avete ancora raggiunto la sigaretta convenzionale, ma vorreste provare una sigaretta elettronica? Non sapete cosa cercare e quale sigaretta elettronica \u00e8 adatta all'inizio?<\/p>\n<h2>Sigarette elettroniche nel test con Rauchlosefreiheit.de<\/h2>\n<p>Se state cercando una sigaretta elettronica, allora siete venuti nel posto giusto. La scelta di allontanarsi dalla sigaretta convenzionale e raggiungere la sigaretta elettronica \u00e8 la decisione giusta. Ogni anno fino a una tazza di catrame si deposita nei polmoni di un fumatore. Inoltre, una sigaretta di tabacco contiene oltre 70 ingredienti cancerogeni che si ingeriscono ad ogni sbuffo. Ma non prendiamoci in giro: Il fumo \u00e8 sociale, e anche una sorta di ricompensa dopo un periodo di lavoro stressante. Tuttavia, si dovrebbe prendere le distanze dalla sigaretta convenzionale e provare una e-sigaretta. Vaporizzare una sigaretta elettronica \u00e8 pi\u00f9 sano che fumare una sigaretta convenzionale, in quanto non c'\u00e8 ossidazione. Se utilizzata correttamente, non si verifica quindi alcuna combustione, il che significa che non si producono sottoprodotti tossici che entrano nei polmoni.  Rauchlosefreiheit.de ha avuto la sigaretta elettronica nel test ed \u00e8 giunto alla conclusione che ci sono altri vantaggi oltre all'ossidazione omessa:  Con l'uso di una sigaretta elettronica non si sviluppa un fastidioso odore di fumo! L'aggiunta non produce alcuno spreco. Non dovrete mai pi\u00f9 svuotare i vostri posacenere pieni. Inoltre, si vive una meravigliosa esperienza di gusto. Il gusto che scegliete dipende naturalmente da voi. Alla fine della giornata si ha semplicemente pi\u00f9 libert\u00e0. Poich\u00e9 la sigaretta elettronica non \u00e8 coperta dal divieto generale di fumo, si pu\u00f2 fumare dove si vuole. Quindi prendete voi stessi una sigaretta elettronica nel test. Ne vale la pena.<\/p>\n<h2>E-sigaretta Test - L'esperienza del gusto completo<\/h2>\n<p>Prova una sigaretta elettronica per te stesso e scopri l'esperienza del gusto completo che non puoi imitare con una normale sigaretta. Acquista una <a href=\"\/it\/E-Zigarette-im-Shop\/\">e-sigaretta nel negozio<\/a> da Rauchlosefreiheit.de e approfittare degli attuali prezzi bassi. Vi offriamo prodotti di alta qualit\u00e0 e una transazione di acquisto impeccabile. Nel nostro Onlineshop potete ordinare per il vostro <a href=\"https:\/\/rauchlosefreiheit.de\/it\/liquidi-e-zigarette\/\">Liquidi della sigaretta elettronica<\/a> e navigare nel nostro negozio di vaporizzatori. Siamo anche lieti di consigliarvi personalmente al telefono.<\/p>\n<p>Acquista ora una sigaretta elettronica e approfitta dei prezzi bassi! Colpiscila ora!<\/p>\n<p><img loading=\"lazy\" decoding=\"async\" class=\"aligncenter size-full wp-image-4500\" src=\"https:\/\/rauchlosefreiheit.de\/wp-content\/uploads\/2015\/12\/shutterstock_270566.jpg\" alt=\"vapore non fumo\" width=\"1000\" height=\"150\" srcset=\"https:\/\/rauchlosefreiheit.de\/wp-content\/uploads\/2015\/12\/shutterstock_270566-100x15.jpg 100w, https:\/\/rauchlosefreiheit.de\/wp-content\/uploads\/2015\/12\/shutterstock_270566-300x45.jpg 300w, https:\/\/rauchlosefreiheit.de\/wp-content\/uploads\/2015\/12\/shutterstock_270566-500x75.jpg 500w, https:\/\/rauchlosefreiheit.de\/wp-content\/uploads\/2015\/12\/shutterstock_270566-768x115.jpg 768w, https:\/\/rauchlosefreiheit.de\/wp-content\/uploads\/2015\/12\/shutterstock_270566.jpg 1000w\" sizes=\"auto, (max-width: 1000px) 100vw, 1000px\" \/><\/p>\n<p>&nbsp;<\/p>","protected":false},"excerpt":{"rendered":"<p>Non avete mai svapato con una sigaretta elettronica? Utilizzate ancora una sigaretta tradizionale ma vorreste provare una sigaretta elettronica? Non sapete a cosa prestare attenzione e quale sigaretta elettronica \u00e8 adatta a voi per iniziare? Sigarette elettroniche in prova su Rauchlosefreiheit.de Se siete alla ricerca di una sigaretta elettronica, allora siete a ...<\/p>","protected":false},"author":1,"featured_media":0,"parent":0,"menu_order":0,"comment_status":"closed","ping_status":"closed","template":"","meta":{"_acf_changed":false,"_genesis_hide_title":false,"_genesis_hide_breadcrumbs":false,"_genesis_hide_singular_image":false,"_genesis_hide_footer_widgets":false,"_genesis_custom_body_class":"","_genesis_custom_post_class":"","_genesis_layout":"","footnotes":""},"class_list":{"1":"page","2":"type-page","5":"entry"},"acf":[],"_links":{"self":[{"href":"https:\/\/rauchlosefreiheit.de\/it\/wp-json\/wp\/v2\/pages\/4349","targetHints":{"allow":["GET"]}}],"collection":[{"href":"https:\/\/rauchlosefreiheit.de\/it\/wp-json\/wp\/v2\/pages"}],"about":[{"href":"https:\/\/rauchlosefreiheit.de\/it\/wp-json\/wp\/v2\/types\/page"}],"author":[{"embeddable":true,"href":"https:\/\/rauchlosefreiheit.de\/it\/wp-json\/wp\/v2\/users\/1"}],"replies":[{"embeddable":true,"href":"https:\/\/rauchlosefreiheit.de\/it\/wp-json\/wp\/v2\/comments?post=4349"}],"version-history":[{"count":0,"href":"https:\/\/rauchlosefreiheit.de\/it\/wp-json\/wp\/v2\/pages\/4349\/revisions"}],"wp:attachment":[{"href":"https:\/\/rauchlosefreiheit.de\/it\/wp-json\/wp\/v2\/media?parent=4349"}],"curies":[{"name":"wp","href":"https:\/\/api.w.org\/{rel}","templated":true}]}}