{"id":4344,"date":"2015-11-14T15:28:36","date_gmt":"2015-11-14T15:28:36","guid":{"rendered":"https:\/\/rauchlosefreiheit.de\/?page_id=4344"},"modified":"2020-05-14T12:25:08","modified_gmt":"2020-05-14T12:25:08","slug":"e-zigarette","status":"publish","type":"page","link":"https:\/\/rauchlosefreiheit.de\/it\/e-sigaretta\/","title":{"rendered":"E-sigaretta"},"content":{"rendered":"<p>Siete interessati alle sigarette elettroniche? Volete allontanarvi dalla sigaretta ordinaria e usare una e-sigaretta?  Oppure sei gi\u00e0 un appassionato di e-sigaretta e stai cercando una nuova e-sigaretta?<\/p>\n<h2>Ordina una sigaretta elettronica su Rauslosefreiheit.de<\/h2>\n<p>Una sigaretta elettronica \u00e8 composta da vari componenti. Sono costituiti da un boccaglio, una batteria, un vaporizzatore e una cartuccia contenente il liquido desiderato. Non appena l'utente accende la sigaretta elettronica, il liquido viene riscaldato. Il vapore esce dal boccaglio e pu\u00f2 essere inalato. Il sito <a href=\"https:\/\/rauchlosefreiheit.de\/it\/liquidi-e-zigarette\/\">Liquidi della sigaretta elettronica<\/a> si pu\u00f2 comprare gi\u00e0 pronto per l'uso o mixarlo da soli. C'\u00e8 liquido con o senza nicotina. I vantaggi di una sigaretta elettronica sono che non si produce fumo fastidioso, che potrebbe essere fastidioso per i vostri simili, e che le sostanze tossiche, come il catrame, non entrano nei polmoni.  Nel nostro negozio online troverete il calcolatore E-Liquid oltre ai nostri prodotti. Il calcolatore calcola semplicemente il rapporto di miscelazione per voi, in modo da farvi risparmiare non solo tempo ma anche denaro. Quindi, perch\u00e9 si dovrebbe ancora raggiungere per una sigaretta normale quando si fuma e si vaporizza con una e-sigaretta porta solo vantaggi.<\/p>\n<h2>Le sigarette elettroniche sono sempre pi\u00f9 in primo piano<\/h2>\n<p>Il fatto \u00e8 che sempre pi\u00f9 persone si rivolgono alle sigarette elettroniche piuttosto che a quelle convenzionali. Naturalmente, la sigaretta convenzionale non perder\u00e0 mai la sua posizione, ma sempre pi\u00f9 persone come i vaporizzatori. La sigaretta elettronica e i vaporizzatori garantiscono che si eviti l'ossidazione delle sostanze. In questo modo non vengono prodotti rifiuti nocivi che potrebbero entrare nei polmoni per inalazione.  Su Rauchlosefreiheit.de \u00e8 possibile acquistare non solo sigarette elettroniche, ma anche <a href=\"https:\/\/rauchlosefreiheit.de\/it\/evaporatore-acquisto\/\">Acquista l&#039;evaporatore<\/a>. Vi offriamo anche nel nostro <a href=\"https:\/\/rauchlosefreiheit.de\/it\/vaporizzatore-shop\/\">Negozio di vaporizzatori<\/a> diversi vaporizzatori a penna, che si possono facilmente portare nella tasca della giacca. A casa sul divano, a una festa, in un ristorante o al parco con gli amici - cuocete a vapore comodamente e prendetevi un po' di tempo per uscire. Concedetevi una piccola ricompensa per l'intermezzo e ricominciate pieni di verve.<\/p>\n<p>Ordina ora nel nostro <a href=\"\/it\/shop-3\/\">negozio online<\/a> e approfittare dei prezzi bassi! Se avete domande, sentitevi liberi di <a href=\"https:\/\/rauchlosefreiheit.de\/it\/contatto\/\">contatto<\/a> con noi. Saremo lieti di consigliarvi!<\/p>\n<p><img loading=\"lazy\" decoding=\"async\" class=\"aligncenter size-full wp-image-4500\" src=\"https:\/\/rauchlosefreiheit.de\/wp-content\/uploads\/2015\/12\/shutterstock_270566.jpg\" alt=\"vapore non fumo\" width=\"1000\" height=\"150\" srcset=\"https:\/\/rauchlosefreiheit.de\/wp-content\/uploads\/2015\/12\/shutterstock_270566-100x15.jpg 100w, https:\/\/rauchlosefreiheit.de\/wp-content\/uploads\/2015\/12\/shutterstock_270566-300x45.jpg 300w, https:\/\/rauchlosefreiheit.de\/wp-content\/uploads\/2015\/12\/shutterstock_270566-500x75.jpg 500w, https:\/\/rauchlosefreiheit.de\/wp-content\/uploads\/2015\/12\/shutterstock_270566-768x115.jpg 768w, https:\/\/rauchlosefreiheit.de\/wp-content\/uploads\/2015\/12\/shutterstock_270566.jpg 1000w\" sizes=\"auto, (max-width: 1000px) 100vw, 1000px\" \/><\/p>","protected":false},"excerpt":{"rendered":"<p>Sei interessato alle sigarette elettroniche? Ti piacerebbe allontanarti dalla sigaretta normale e usare una sigaretta elettronica?  O sei gi\u00e0 un appassionato di sigarette elettroniche e stai cercando una nuova sigaretta elettronica? Ordina una sigaretta elettronica su Rauslosefreiheit.de Una sigaretta elettronica \u00e8 composta da diversi componenti. Sono composti da un bocchino, una batteria, un vaporizzatore e una cartuccia in cui ...<\/p>","protected":false},"author":1,"featured_media":0,"parent":0,"menu_order":0,"comment_status":"closed","ping_status":"closed","template":"","meta":{"_acf_changed":false,"_genesis_hide_title":false,"_genesis_hide_breadcrumbs":false,"_genesis_hide_singular_image":false,"_genesis_hide_footer_widgets":false,"_genesis_custom_body_class":"","_genesis_custom_post_class":"","_genesis_layout":"","footnotes":""},"class_list":{"1":"page","2":"type-page","5":"entry"},"acf":[],"_links":{"self":[{"href":"https:\/\/rauchlosefreiheit.de\/it\/wp-json\/wp\/v2\/pages\/4344","targetHints":{"allow":["GET"]}}],"collection":[{"href":"https:\/\/rauchlosefreiheit.de\/it\/wp-json\/wp\/v2\/pages"}],"about":[{"href":"https:\/\/rauchlosefreiheit.de\/it\/wp-json\/wp\/v2\/types\/page"}],"author":[{"embeddable":true,"href":"https:\/\/rauchlosefreiheit.de\/it\/wp-json\/wp\/v2\/users\/1"}],"replies":[{"embeddable":true,"href":"https:\/\/rauchlosefreiheit.de\/it\/wp-json\/wp\/v2\/comments?post=4344"}],"version-history":[{"count":1,"href":"https:\/\/rauchlosefreiheit.de\/it\/wp-json\/wp\/v2\/pages\/4344\/revisions"}],"predecessor-version":[{"id":38622,"href":"https:\/\/rauchlosefreiheit.de\/it\/wp-json\/wp\/v2\/pages\/4344\/revisions\/38622"}],"wp:attachment":[{"href":"https:\/\/rauchlosefreiheit.de\/it\/wp-json\/wp\/v2\/media?parent=4344"}],"curies":[{"name":"wp","href":"https:\/\/api.w.org\/{rel}","templated":true}]}}