{"id":4342,"date":"2015-11-14T15:25:30","date_gmt":"2015-11-14T15:25:30","guid":{"rendered":"https:\/\/rauchlosefreiheit.de\/?page_id=4342"},"modified":"2015-12-17T13:20:21","modified_gmt":"2015-12-17T13:20:21","slug":"e-zigarette-liquids","status":"publish","type":"page","link":"https:\/\/rauchlosefreiheit.de\/it\/liquidi-e-zigarette\/","title":{"rendered":"Liquidi della sigaretta elettronica"},"content":{"rendered":"<p>Sei alla ricerca di liquido per la tua e-sigaretta? Hai un certo gusto che ti piace? Hai mai mescolato il tuo liquido da solo? Sei un vero amante delle e-sigarette?<\/p>\n<h2>Liquidi per sigarette elettroniche con Rauchlosefreiheit.de<\/h2>\n<p>La tendenza a raggiungere la sigaretta elettronica \u00e8 sempre pi\u00f9 grande. \u00c8 semplicemente rilassante poter fumare anche in stanze per non fumatori e allo stesso tempo, quando si usa una sigaretta elettronica, si pu\u00f2 essere sicuri che meno tossine entrino nel corpo. Il vantaggio di una sigaretta elettrica \u00e8 che si pu\u00f2 mescolare il liquido da soli. In questo modo si pu\u00f2 risparmiare enormemente.  Naturalmente questo dipende anche enormemente dal consumo e dalla e-sigaretta, ma si pu\u00f2 dire che 10 ml di liquido corrispondono a circa 100 sigarette. Fai da te, questo \u00e8 il motto. Nel nostro Onlineshop potete ordinare diverse basi di nicotina e concentrati di aromi, per mescolare da soli i vostri E-Sigarette Liquidi. Inoltre, vi offriamo anche glicole propilenico e glicerina vegetale in diverse quantit\u00e0. Utilizzate il nostro calcolatore di e-liquido per calcolare la quantit\u00e0 di cui avete bisogno per ottenere il risultato perfetto. Miscelare da soli i liquidi della sigaretta elettronica \u00e8 facile e veloce. Non dimenticare mai di indossare gli indumenti protettivi necessari.<\/p>\n<h2>Compra online per i liquidi della sigaretta elettronica<\/h2>\n<p>Se desiderate acquistare liquidi per la vostra e-sigaretta elettronica, allora siete venuti nel posto giusto. Vi offriamo liquidi di alta qualit\u00e0 che sono adatti a mescolarsi. Oltre a liquidi e aromi, potete anche acquistare e-sigarette o un'altra sigaretta elettronica. <a href=\"https:\/\/rauchlosefreiheit.de\/it\/evaporatore-acquisto\/\">Acquista l&#039;evaporatore<\/a>Vi offriamo una serie di diversi tipi di <a href=\"\/it\/Verdampfern-fur-die-E-Zigarette\/\">Evaporatori per la sigaretta elettronica<\/a>. Sfogliate il nostro <a href=\"https:\/\/rauchlosefreiheit.de\/it\/vaporizzatore-shop\/\">Negozio di vaporizzatori<\/a> e scoprire i diversi dispositivi. Essendo un negozio certificato, possiamo garantirvi qualit\u00e0 e una transazione d'acquisto sicura. Nel nostro paese natale, i Paesi Bassi, abbiamo gi\u00e0 costruito una vasta e solida base di clienti che giurano sui nostri prodotti e sulla nostra collaborazione. Fatevi un'impressione. Provate uno dei nostri prodotti e allontanatevi dallo stress della vita quotidiana.<\/p>\n<p>Unisciti a noi ora <a href=\"https:\/\/rauchlosefreiheit.de\/it\/contatto\/\">contatto<\/a> e vi diremo come mescolare al meglio i liquidi delle e-sigarette da soli! <a href=\"\/it\/shop-3\/\">Ordina ora<\/a> e approfittate degli attuali prezzi bassi!<\/p>\n<p><img loading=\"lazy\" decoding=\"async\" class=\"aligncenter size-full wp-image-4500\" src=\"https:\/\/rauchlosefreiheit.de\/wp-content\/uploads\/2015\/12\/shutterstock_270566.jpg\" alt=\"vapore non fumo\" width=\"1000\" height=\"150\" srcset=\"https:\/\/rauchlosefreiheit.de\/wp-content\/uploads\/2015\/12\/shutterstock_270566-100x15.jpg 100w, https:\/\/rauchlosefreiheit.de\/wp-content\/uploads\/2015\/12\/shutterstock_270566-300x45.jpg 300w, https:\/\/rauchlosefreiheit.de\/wp-content\/uploads\/2015\/12\/shutterstock_270566-500x75.jpg 500w, https:\/\/rauchlosefreiheit.de\/wp-content\/uploads\/2015\/12\/shutterstock_270566-768x115.jpg 768w, https:\/\/rauchlosefreiheit.de\/wp-content\/uploads\/2015\/12\/shutterstock_270566.jpg 1000w\" sizes=\"auto, (max-width: 1000px) 100vw, 1000px\" \/><\/p>","protected":false},"excerpt":{"rendered":"<p>Stai cercando dei liquidi per la tua sigaretta elettronica? Hai un sapore particolare che ti piace? Hai mai mescolato il tuo liquido? Sei un vero amante delle sigarette elettroniche? Liquidi per sigarette elettroniche su Rauchlosefreiheit.de La tendenza a prendere le sigarette elettroniche \u00e8 in crescita. \u00c8 semplicemente rilassante fumare anche in camere per non fumatori...<\/p>","protected":false},"author":1,"featured_media":0,"parent":0,"menu_order":0,"comment_status":"closed","ping_status":"closed","template":"","meta":{"_acf_changed":false,"_genesis_hide_title":false,"_genesis_hide_breadcrumbs":false,"_genesis_hide_singular_image":false,"_genesis_hide_footer_widgets":false,"_genesis_custom_body_class":"","_genesis_custom_post_class":"","_genesis_layout":"","footnotes":""},"class_list":{"1":"page","2":"type-page","5":"entry"},"acf":[],"_links":{"self":[{"href":"https:\/\/rauchlosefreiheit.de\/it\/wp-json\/wp\/v2\/pages\/4342","targetHints":{"allow":["GET"]}}],"collection":[{"href":"https:\/\/rauchlosefreiheit.de\/it\/wp-json\/wp\/v2\/pages"}],"about":[{"href":"https:\/\/rauchlosefreiheit.de\/it\/wp-json\/wp\/v2\/types\/page"}],"author":[{"embeddable":true,"href":"https:\/\/rauchlosefreiheit.de\/it\/wp-json\/wp\/v2\/users\/1"}],"replies":[{"embeddable":true,"href":"https:\/\/rauchlosefreiheit.de\/it\/wp-json\/wp\/v2\/comments?post=4342"}],"version-history":[{"count":0,"href":"https:\/\/rauchlosefreiheit.de\/it\/wp-json\/wp\/v2\/pages\/4342\/revisions"}],"wp:attachment":[{"href":"https:\/\/rauchlosefreiheit.de\/it\/wp-json\/wp\/v2\/media?parent=4342"}],"curies":[{"name":"wp","href":"https:\/\/api.w.org\/{rel}","templated":true}]}}