{"id":4340,"date":"2015-11-14T13:30:52","date_gmt":"2015-11-14T13:30:52","guid":{"rendered":"https:\/\/rauchlosefreiheit.de\/?page_id=4340"},"modified":"2015-12-17T13:33:06","modified_gmt":"2015-12-17T13:33:06","slug":"verdampfer-kaufen","status":"publish","type":"page","link":"https:\/\/rauchlosefreiheit.de\/it\/evaporatore-acquisto\/","title":{"rendered":"Acquista l&#039;evaporatore"},"content":{"rendered":"<p>Stai cercando un evaporatore? Vuoi un evaporatore portatile che puoi portare ovunque? Inoltre, vorresti avere una consulenza professionale e un rivenditore di fiducia al tuo fianco?<\/p>\n<h2>Con noi puoi acquistare evaporatori di alta qualit\u00e0<\/h2>\n<p>Smokelessfreiheit.de ti offre la possibilit\u00e0 di scegliere il tuo preferito da una gamma di dispositivi diversi e di acquistare il tuo vaporizzatore. Se state cercando un <a href=\"\/it\/Verdampfer-fur-Ihre-E-Zigarette\/\">Vaporizzatore per la tua sigaretta elettronica<\/a> allora siete all'indirizzo giusto. Inoltre, offriamo un'ampia selezione di diversi vaporizzatori a penna. Cos\u00ec con noi puoi comprare sigarette elettroniche, pezzi di ricambio, accessori e vaporizzatori. Sempre pi\u00f9 persone oggi usano un vaporizzatore invece di una sigaretta normale. I vantaggi di questo sono chiari. Il vaporizzatore assicura che la temperatura di una sigaretta elettronica sia costantemente regolata. Questo evita la combustione della sostanza. I prodotti di scarto tossici, come il catrame, l'acido cianidrico, il benzene o la toluorina non entrano nel corpo e nei polmoni. Con noi puoi acquistare facilmente e rapidamente un vaporizzatore, che ti sar\u00e0 consegnato in pochi giorni lavorativi.<\/p>\n<h2>Acquista i vaporizzatori e inizia subito<\/h2>\n<p>Se sei nuovo alle sigarette elettroniche o stai cambiando, \u00e8 spesso abbastanza difficile decidere il giusto vaporizzatore. Molti non sanno quali vaporizzatori sono adatti a quali sigarette elettroniche e cosa si dovrebbe effettivamente cercare al momento dell'acquisto. Noi, il team di Smokeless Freedom, siamo felici di aiutarvi nella vostra decisione. Con noi puoi comprare un vaporizzatore e ottenere le informazioni importanti riguardanti l'uso e l'applicazione. Vorremmo sottolineare che le sigarette elettroniche sono adatte solo al consumo di liquidi. Se volete consumare altre sostanze, vi consigliamo i nostri vaporizzatori nel nostro <a href=\"\/it\/shop-3\/\">Negozio di vaporizzatori<\/a>. Quando si valuta un buon vaporizzatore, ci sono diversi criteri che dovrebbero essere considerati al momento dell'acquisto. Quale temperatura si sviluppa all'interno del vaporizzatore, il dispositivo \u00e8 stretto, quanto \u00e8 pesante il dispositivo, ecc. \u00c8 importante che non ci sia ossidazione all'interno del dispositivo, altrimenti le erbe vengono bruciate, il dispositivo viene danneggiato, e i prodotti di scarto tossici, come con la sigaretta normale, si sviluppano ed entrano nei polmoni.<\/p>\n<p>Unisciti a noi ora <a href=\"https:\/\/rauchlosefreiheit.de\/it\/contatto\/\">contatto<\/a>Chiamateci, scriveteci un'e-mail o suggeriteci direttamente nel nostro <a href=\"\/it\/shop-3\/\">negozio online<\/a> a. Con noi puoi comprare un vaporizzatore in modo facile, veloce ed economico.<\/p>\n<p><img loading=\"lazy\" decoding=\"async\" class=\"aligncenter size-full wp-image-4500\" src=\"https:\/\/rauchlosefreiheit.de\/wp-content\/uploads\/2015\/12\/shutterstock_270566.jpg\" alt=\"vapore non fumo\" width=\"1000\" height=\"150\" srcset=\"https:\/\/rauchlosefreiheit.de\/wp-content\/uploads\/2015\/12\/shutterstock_270566-100x15.jpg 100w, https:\/\/rauchlosefreiheit.de\/wp-content\/uploads\/2015\/12\/shutterstock_270566-300x45.jpg 300w, https:\/\/rauchlosefreiheit.de\/wp-content\/uploads\/2015\/12\/shutterstock_270566-500x75.jpg 500w, https:\/\/rauchlosefreiheit.de\/wp-content\/uploads\/2015\/12\/shutterstock_270566-768x115.jpg 768w, https:\/\/rauchlosefreiheit.de\/wp-content\/uploads\/2015\/12\/shutterstock_270566.jpg 1000w\" sizes=\"auto, (max-width: 1000px) 100vw, 1000px\" \/><\/p>","protected":false},"excerpt":{"rendered":"<p>Siete alla ricerca di un vaporizzatore? Volete un vaporizzatore portatile da portare con voi ovunque? Inoltre, volete avere al vostro fianco una consulenza professionale e un rivenditore affidabile? Con noi potete acquistare vaporizzatori di alta qualit\u00e0 Smokelessfreiheit.de vi offre la possibilit\u00e0 di scegliere il vostro preferito tra una gamma di dispositivi diversi ...<\/p>","protected":false},"author":1,"featured_media":0,"parent":0,"menu_order":0,"comment_status":"closed","ping_status":"closed","template":"","meta":{"_acf_changed":false,"_genesis_hide_title":false,"_genesis_hide_breadcrumbs":false,"_genesis_hide_singular_image":false,"_genesis_hide_footer_widgets":false,"_genesis_custom_body_class":"","_genesis_custom_post_class":"","_genesis_layout":"","footnotes":""},"class_list":{"1":"page","2":"type-page","5":"entry"},"acf":[],"_links":{"self":[{"href":"https:\/\/rauchlosefreiheit.de\/it\/wp-json\/wp\/v2\/pages\/4340","targetHints":{"allow":["GET"]}}],"collection":[{"href":"https:\/\/rauchlosefreiheit.de\/it\/wp-json\/wp\/v2\/pages"}],"about":[{"href":"https:\/\/rauchlosefreiheit.de\/it\/wp-json\/wp\/v2\/types\/page"}],"author":[{"embeddable":true,"href":"https:\/\/rauchlosefreiheit.de\/it\/wp-json\/wp\/v2\/users\/1"}],"replies":[{"embeddable":true,"href":"https:\/\/rauchlosefreiheit.de\/it\/wp-json\/wp\/v2\/comments?post=4340"}],"version-history":[{"count":0,"href":"https:\/\/rauchlosefreiheit.de\/it\/wp-json\/wp\/v2\/pages\/4340\/revisions"}],"wp:attachment":[{"href":"https:\/\/rauchlosefreiheit.de\/it\/wp-json\/wp\/v2\/media?parent=4340"}],"curies":[{"name":"wp","href":"https:\/\/api.w.org\/{rel}","templated":true}]}}