{"id":4337,"date":"2015-11-14T13:25:38","date_gmt":"2015-11-14T13:25:38","guid":{"rendered":"https:\/\/rauchlosefreiheit.de\/?page_id=4337"},"modified":"2017-05-30T07:14:48","modified_gmt":"2017-05-30T07:14:48","slug":"verdampfer-e-zigarette","status":"publish","type":"page","link":"https:\/\/rauchlosefreiheit.de\/it\/vaporizzatore-e-sigaretta\/","title":{"rendered":"Vaporizzatore Sigaretta elettronica"},"content":{"rendered":"<p>Warum greifen heutzutage immer mehr Leute zu einer E-Zigarette? Was ist besser an einer E-Zigarette, als an einer normale Zigarette und wie ist sie aufgebaut? Sind elektrische Zigaretten daf\u00fcr da, um mit dem Rauchen aufzuh\u00f6ren?<\/p>\n<h2>Der Verdampfer E-Zigarette<\/h2>\n<p>Eine E-Zigarette besteht aus drei Teilen. Einem Akku, dem Verdampfer und einem Mundst\u00fcck. Wenn man rauchen m\u00f6chte, f\u00fcgt man der E-Zigarette etwas Liquid hinzu. Wenn man auf einem Kopf dr\u00fcckt, welcher sich meistens im Bereich den Akkus befindet, erhitzt sich der Heizwedel im Verdampfer, wodurch eine kleine Menge Liquid verdampft wird. Durch das Mundst\u00fcck kann nun der Dampf eingeatmet werden. Der Benutzer einer Verdampfer E-Zigarette kann den Dampf als eine Art Rauchwolke wieder ausatmen. Mit fast allen Liquiden kann man den Widerstand beim Inhalieren erzielen. Der Verdampfer E-Zigarette hat einen sehr gro\u00dfen Vorteil. Giftige Schadstoffe, sowie zum Beispiel Teer, geraten gar nicht erst in die Lunge. Beim Verdampfen wir die Temperatur so reguliert, dass eine Oxidation der Stoffe ausbleibt. In unserem Onlineshop k\u00f6nnen Sie auch f\u00fcr Ihre <a href=\"\/E-Zigarette-Ersatzteile\/\">E-Zigarette Ersatzteile<\/a> bestellen. Sollte innerhalb der Garantie etwas mit dem Ger\u00e4t passieren, kommen wir nat\u00fcrlich f\u00fcr den Schaden auf.<\/p>\n<h2>Verdampfer E-Zigarette wird mehr und mehr beliebter<\/h2>\n<p>Gesundheit, das ist ein Thema, welches die Gesellschaft mehr und mehr besch\u00e4ftigt. \u00a0Das Rauchen einfach abzulegen w\u00e4re doch zu schade. Au\u00dferdem hat Rauchen auch etwas Geselliges. Es ist eine Art Belohnung, die man sich in stressigen Zeiten g\u00f6nnt. Einfach f\u00fcr zwei Minuten abschalten und eine Zigarette rauchen. Der Verdampfer E-Zigarette sorgt daf\u00fcr, dass die giftigen Schadstoffe, die bei einer normalen Zigarette bei der Oxidation entstehen, gar nicht erst in den K\u00f6rper gelangen, wodurch Sie quasi ges\u00fcnder weiterrauchen k\u00f6nnen. Bei uns im Onlineshop k\u00f6nnen Sie auch einen <a href=\"\/Vaporizer-kaufen\/\">Vaporizer kaufen<\/a>. Wir haben Erfahrungswerte aus dem <a href=\"\/besten-Vaporizer-Test\/\">besten Vaporizer Test<\/a> und k\u00f6nnen Ihnen pers\u00f6nliche Empfehlungen geben. Mit dem Kauf einer E-Zigarette oder einem Vaporizer bekommen Sie mehr f\u00fcr Ihr Geld. Sie nutzen das Liquid und die Kr\u00e4uter effizienter, wodurch kauf Abfallstoffe entstehen. Benutzen Sie unseren E-Liquid Rechner und mischen Sie sich Ihr Liquid selber. Dadurch k\u00f6nnen Sie eine Menge Geld sparen.<\/p>\n<p>[su_icon_text icon=&#8220;icon: shopping-cart&#8220; icon_size=&#8220;20&#8243; url=&#8220;\/produkt-kategorie\/vaporizers\/&#8220;]Den Verdampfer E-Zigarette k\u00f6nnen Sie <a href=\"\/produkt-kategorie\/vaporizers\/\">hier<\/a> kaufen! Nehmen Sie jetzt Kontakt mit uns auf und wir beraten Sie gerne \u00fcber unsere Angebote.[\/su_icon_text]<\/p>\n<p><img loading=\"lazy\" decoding=\"async\" class=\"aligncenter size-full wp-image-4500\" src=\"https:\/\/rauchlosefreiheit.de\/wp-content\/uploads\/2015\/12\/shutterstock_270566.jpg\" alt=\"vapor no smoke\" width=\"1000\" height=\"150\" srcset=\"https:\/\/rauchlosefreiheit.de\/wp-content\/uploads\/2015\/12\/shutterstock_270566-100x15.jpg 100w, https:\/\/rauchlosefreiheit.de\/wp-content\/uploads\/2015\/12\/shutterstock_270566-300x45.jpg 300w, https:\/\/rauchlosefreiheit.de\/wp-content\/uploads\/2015\/12\/shutterstock_270566-500x75.jpg 500w, https:\/\/rauchlosefreiheit.de\/wp-content\/uploads\/2015\/12\/shutterstock_270566-768x115.jpg 768w, https:\/\/rauchlosefreiheit.de\/wp-content\/uploads\/2015\/12\/shutterstock_270566.jpg 1000w\" sizes=\"auto, (max-width: 1000px) 100vw, 1000px\" \/><\/p>\n","protected":false},"excerpt":{"rendered":"<p>Perch\u00e9 sempre pi\u00f9 persone si rivolgono alle sigarette elettroniche in questi giorni? Cosa c'\u00e8 di meglio in una sigaretta elettronica rispetto a una sigaretta normale e come \u00e8 costruita? Le sigarette elettroniche servono per smettere di fumare? La sigaretta elettronica con vaporizzatore Una sigaretta elettronica \u00e8 composta da tre parti. Una batteria, il vaporizzatore e un boccaglio. Quando vuoi fumare, ...<\/p>","protected":false},"author":1,"featured_media":0,"parent":0,"menu_order":0,"comment_status":"closed","ping_status":"closed","template":"","meta":{"_acf_changed":false,"_genesis_hide_title":false,"_genesis_hide_breadcrumbs":false,"_genesis_hide_singular_image":false,"_genesis_hide_footer_widgets":false,"_genesis_custom_body_class":"","_genesis_custom_post_class":"","_genesis_layout":"","footnotes":""},"class_list":{"1":"page","2":"type-page","5":"entry"},"acf":[],"_links":{"self":[{"href":"https:\/\/rauchlosefreiheit.de\/it\/wp-json\/wp\/v2\/pages\/4337","targetHints":{"allow":["GET"]}}],"collection":[{"href":"https:\/\/rauchlosefreiheit.de\/it\/wp-json\/wp\/v2\/pages"}],"about":[{"href":"https:\/\/rauchlosefreiheit.de\/it\/wp-json\/wp\/v2\/types\/page"}],"author":[{"embeddable":true,"href":"https:\/\/rauchlosefreiheit.de\/it\/wp-json\/wp\/v2\/users\/1"}],"replies":[{"embeddable":true,"href":"https:\/\/rauchlosefreiheit.de\/it\/wp-json\/wp\/v2\/comments?post=4337"}],"version-history":[{"count":0,"href":"https:\/\/rauchlosefreiheit.de\/it\/wp-json\/wp\/v2\/pages\/4337\/revisions"}],"wp:attachment":[{"href":"https:\/\/rauchlosefreiheit.de\/it\/wp-json\/wp\/v2\/media?parent=4337"}],"curies":[{"name":"wp","href":"https:\/\/api.w.org\/{rel}","templated":true}]}}