{"id":4330,"date":"2015-11-14T13:13:51","date_gmt":"2015-11-14T13:13:51","guid":{"rendered":"https:\/\/rauchlosefreiheit.de\/?page_id=4330"},"modified":"2015-12-17T13:30:32","modified_gmt":"2015-12-17T13:30:32","slug":"vaporizer-kaufen","status":"publish","type":"page","link":"https:\/\/rauchlosefreiheit.de\/it\/vaporizzatore-acquisto\/","title":{"rendered":"Comprare Vaporizzatore"},"content":{"rendered":"<p>Sie m\u00f6chten sich einen Vaporizer kaufen, aber wissen nicht worauf Sie genau achten m\u00fcssen? Sie haben bisher noch einerlei Erfahrungen mit einem Vaporizer gemacht und ben\u00f6tigen eine professionelle Beratung?<\/p>\n<h2>Einen Vaporizer kaufen auf Rauchlosefreiheit.de<\/h2>\n<p>Bei uns k\u00f6nnen Sie einfach online Ihren Vaporizer kaufen und gem\u00fctlich von der Wohnzimmercouch aus bestellen. Wir bieten Ihnen praktische Penvaporizer, die Sie \u00fcberall mit hinnehmen k\u00f6nnen. Die Vorteile eines Vaporizers sind, dass es zu keiner Oxidation kommt. Das bedeutet, dass die Temperatur so optimiert wird, dass nur das THC und die Geschmacksstoffe gasf\u00f6rmig werden. Durch das Verdampfen k\u00f6nnen giftige Abfallstoffe, wie zum Beispiel Benzol, Teer oder Toluol gr\u00f6\u00dftenteils vermieden werden. Die M\u00f6glichkeiten der einsetzbaren Kr\u00e4uter sind riesig. Sie reichen \u00fcber Cannabis, \u00fcber Baldrian bis hin zu Lavendel. Rauchlosefreiheit hatte die besten <a href=\"\/vaportizer-im-test\/\">Vaporizer im Test<\/a> und geh\u00f6rt zu den zertifizierten \u201etrusted Shops\u201c. Mit der Kombination aus Geld-zur\u00fcck-Garantie und unserem Kundenbewertungs-System k\u00f6nnen Sie sicher und sorgenfrei bei uns bestellen. Wir stehen hinter allen Produkten, die wir verkaufen und beraten Sie gerne \u00fcber unser Angebot. \u00a0Bei uns k\u00f6nnen Sie Ihren Vaporizer kaufen und Ihnen bereits innerhalb weniger Tage bei sich zuhause ausprobieren.<\/p>\n<h2>Vaporizer kaufen und entspannen<\/h2>\n<p>Wenn Sie noch nie einen Vaporizer benutzt haben sollten, dann haben Sie definitiv etwas verpasst in Ihrem Leben. Vaporisieren ist eine gesunde Alternative zum normalen Rauchen und sorgt daf\u00fcr, dass Kr\u00e4uter nicht verbrannt, sondern verdampft werden. Giftige Nebenprodukte\u00a0 wie zum Beispiel Teer und Stickstoffoxide k\u00f6nnen hierdurch vermieden werden. Das sorgt daf\u00fcr, dass die Atemwege geschont werden. Hinzuzuf\u00fcgen entsteht kein nerviger Raucherqualm. Durch das Vaporisieren k\u00f6nnen die Kr\u00e4uter viel effizienter genutzt werden. So werden weniger Kr\u00e4uter f\u00fcr dieselbe Wirkung ben\u00f6tigt. Mit einem praktischen Penvaporizer k\u00f6nnen Sie selber entscheiden, wo Sie gerade dampfen m\u00f6chten. Sei es Zuhause, auf einer Party oder gem\u00fctlich mit Freunden im Park. In unserem Onlineshop k\u00f6nnen Sie nicht nur Vaporizers kaufen. Wir bieten Ihnen auch E-Zigaretten, f\u00fcr Ihre <a href=\"\/E-Zigarette-Ersatzteile\/\">E-Zigarette Ersatzteile<\/a>, Liquid Aromen und weiteres Zubeh\u00f6r an. Mit unserem E liquid Rechner, k\u00f6nnen Sie sogar Ihr <a href=\"\/E-Liquid-selber-mischen\/\">E-Liquid selber mischen<\/a>.<\/p>\n<p>[su_icon_text icon=&#8220;icon: shopping-cart&#8220; icon_size=&#8220;20&#8243;]St\u00f6bern Sie in unserem <a href=\"\/shop-3\/\">Onlineshop<\/a> oder nehmen Sie\u00a0 pers\u00f6nlich <a href=\"\/kontakt\/\">Kontakt<\/a> mit uns auf. Wir beraten Sie gerne und geben Ihnen gerne pers\u00f6nliche Tipps.[\/su_icon_text]<\/p>\n<p><img loading=\"lazy\" decoding=\"async\" class=\"aligncenter size-full wp-image-4500\" src=\"https:\/\/rauchlosefreiheit.de\/wp-content\/uploads\/2015\/12\/shutterstock_270566.jpg\" alt=\"vapor no smoke\" width=\"1000\" height=\"150\" srcset=\"https:\/\/rauchlosefreiheit.de\/wp-content\/uploads\/2015\/12\/shutterstock_270566-100x15.jpg 100w, https:\/\/rauchlosefreiheit.de\/wp-content\/uploads\/2015\/12\/shutterstock_270566-300x45.jpg 300w, https:\/\/rauchlosefreiheit.de\/wp-content\/uploads\/2015\/12\/shutterstock_270566-500x75.jpg 500w, https:\/\/rauchlosefreiheit.de\/wp-content\/uploads\/2015\/12\/shutterstock_270566-768x115.jpg 768w, https:\/\/rauchlosefreiheit.de\/wp-content\/uploads\/2015\/12\/shutterstock_270566.jpg 1000w\" sizes=\"auto, (max-width: 1000px) 100vw, 1000px\" \/><\/p>\n","protected":false},"excerpt":{"rendered":"<p>Vuoi comprare un vaporizzatore ma non sai cosa cercare esattamente? Non hai avuto alcuna esperienza con un vaporizzatore e hai bisogno di un consiglio professionale? Compra un vaporizzatore su Rauchlosefreiheit.de Con noi, puoi facilmente comprare il tuo vaporizzatore online e ordinarlo comodamente dal divano del tuo salotto. Vi offriamo pratici vaporizzatori a penna, ...<\/p>","protected":false},"author":1,"featured_media":0,"parent":0,"menu_order":0,"comment_status":"closed","ping_status":"closed","template":"","meta":{"_acf_changed":false,"_genesis_hide_title":false,"_genesis_hide_breadcrumbs":false,"_genesis_hide_singular_image":false,"_genesis_hide_footer_widgets":false,"_genesis_custom_body_class":"","_genesis_custom_post_class":"","_genesis_layout":"","footnotes":""},"class_list":{"1":"page","2":"type-page","5":"entry"},"acf":[],"_links":{"self":[{"href":"https:\/\/rauchlosefreiheit.de\/it\/wp-json\/wp\/v2\/pages\/4330","targetHints":{"allow":["GET"]}}],"collection":[{"href":"https:\/\/rauchlosefreiheit.de\/it\/wp-json\/wp\/v2\/pages"}],"about":[{"href":"https:\/\/rauchlosefreiheit.de\/it\/wp-json\/wp\/v2\/types\/page"}],"author":[{"embeddable":true,"href":"https:\/\/rauchlosefreiheit.de\/it\/wp-json\/wp\/v2\/users\/1"}],"replies":[{"embeddable":true,"href":"https:\/\/rauchlosefreiheit.de\/it\/wp-json\/wp\/v2\/comments?post=4330"}],"version-history":[{"count":0,"href":"https:\/\/rauchlosefreiheit.de\/it\/wp-json\/wp\/v2\/pages\/4330\/revisions"}],"wp:attachment":[{"href":"https:\/\/rauchlosefreiheit.de\/it\/wp-json\/wp\/v2\/media?parent=4330"}],"curies":[{"name":"wp","href":"https:\/\/api.w.org\/{rel}","templated":true}]}}