{"id":4329,"date":"2015-11-14T13:27:31","date_gmt":"2015-11-14T13:27:31","guid":{"rendered":"https:\/\/rauchlosefreiheit.de\/?page_id=4329"},"modified":"2017-10-26T09:09:01","modified_gmt":"2017-10-26T09:09:01","slug":"vaporizer-shop","status":"publish","type":"page","link":"https:\/\/rauchlosefreiheit.de\/it\/vaporizzatore-shop\/","title":{"rendered":"Negozio di vaporizzatori"},"content":{"rendered":"<p>M\u00f6chten Sie einen Vaporizer kaufen? Wie k\u00f6nnen Sie THC am effizientesten nutzen? Sie suchen einen professionellen H\u00e4ndler, der Ihnen bei Fragen zur Seite steht? M\u00f6chten Sie sich gerne beraten lassen?<\/p>\n<h2>Vaporizer Shop Rauchlosefreiheit.de<\/h2>\n<p>Mit Rauchlosefreiheit. de haben Sie die richtige Wahl getroffen. Wir sind ein zertifizierter \u201etrusted\u00a0 Vaporizer Shop\u201c, der Ihnen die Garantie f\u00fcr eine gute und sorgenfreie Kaufabwicklung gibt. Wir bieten Ihnen ein Angebot an verschiedenen Vaporizern. Nutzen Sie Ihre Kr\u00e4uter effizienter. Der Vaporizer sorgt daf\u00fcr, dass eine Verbrennung der Stoffe vermieden wird. Die Temperatur im Inneren wird so reguliert, dass nur das THC und die Geschmacksstoffe gasf\u00f6rmig werden. So schonen Sie Ihren K\u00f6rper vor giftigen Abfallprodukten, wie zum Beispiel Teer. Genie\u00dfen Sie die rauchlose Freiheit und schalten Sie einmal vom stressigen Alltag ab. Lassen Sie all Ihre Sorgen Fallen und f\u00fchlen Sie sich schwerelos. Mit unseren Vaporizern bekommen Sie Qualit\u00e4t, die Sie zu sch\u00e4tzen wissen. Durch unseren besten Vaporizer Test k\u00f6nnen wir Ihnen pers\u00f6nliche Tipps und Empfehlungen geben. Wir stehen Ihnen bei jeder Frage gerne zur Seite.<\/p>\n<h2>Zertifizierter Vaporizer Shop<\/h2>\n<p>Wie Sie vielleicht schon gesehen haben, sind wir ein zertifizierter \u201etusted\u201c Vaporizer Shop. Anhand dieses Zertifikats k\u00f6nnen Sie entnehmen, dass wir alle Qualit\u00e4tskriterien eines Vertrauensw\u00fcrdigen Onlineshops\u00a0 erf\u00fcllen. Wir gehen zum Beispiel pers\u00f6nlich mit Ihren Daten um, informieren Sie ausgiebig \u00fcber die Preise, die Zahlungsm\u00f6glichkeiten und das Widerrufsrecht, halten unsere Lieferversprechen ein und bieten Ihnen einen ausgezeichneten Kundenservice. Dies sind nur einige Merkmale, wodurch wir Ihnen einen sorgenfreien Onlinekauf erm\u00f6glichen wollen. Hinzuzuf\u00fcgen freuen wir uns \u00fcber jede Bewertung eines K\u00e4ufers, wodurch wir\u00a0 anderen Kunden zeigen wollen, dass wir unsere Versprechen halten. Mit einem Ankauf in unseren Vaporizer Shop, machen Sie garantiert die richtige Wahl. Falls beim Gebrauch noch Fragen auftreten sollten, stehen wir Ihnen gerne zur Verf\u00fcgung. In Unserem Onlineshop finden Sie nicht nur Vaporizer, sondern auch Verdampfer E-Zigaretten, Ersatzteile, Liquide, Aromen und Zubeh\u00f6r.<\/p>\n<p>[su_icon_text icon=&#8220;icon: info&#8220; icon_size=&#8220;20&#8243;]Kaufen Sie jetzt ein Produkt Ihrer Wahl in unserem <a href=\"\/shop-3\/\">Vaporizer Shop<\/a> und treten Sie mit uns in <a href=\"\/kontakt\/\">Kontakt<\/a>. Genie\u00dfen Sie die rauchlose Freiheit![\/su_icon_text]<\/p>\n<p><img loading=\"lazy\" decoding=\"async\" class=\"aligncenter size-full wp-image-4500\" src=\"https:\/\/rauchlosefreiheit.de\/wp-content\/uploads\/2015\/12\/shutterstock_270566.jpg\" alt=\"vapor no smoke\" width=\"1000\" height=\"150\" srcset=\"https:\/\/rauchlosefreiheit.de\/wp-content\/uploads\/2015\/12\/shutterstock_270566-100x15.jpg 100w, https:\/\/rauchlosefreiheit.de\/wp-content\/uploads\/2015\/12\/shutterstock_270566-300x45.jpg 300w, https:\/\/rauchlosefreiheit.de\/wp-content\/uploads\/2015\/12\/shutterstock_270566-500x75.jpg 500w, https:\/\/rauchlosefreiheit.de\/wp-content\/uploads\/2015\/12\/shutterstock_270566-768x115.jpg 768w, https:\/\/rauchlosefreiheit.de\/wp-content\/uploads\/2015\/12\/shutterstock_270566.jpg 1000w\" sizes=\"auto, (max-width: 1000px) 100vw, 1000px\" \/><\/p>\n","protected":false},"excerpt":{"rendered":"<p>Vuoi comprare un vaporizzatore? Come si pu\u00f2 usare il THC nel modo pi\u00f9 efficiente? Stai cercando un rivenditore professionale che ti aiuti con le tue domande? Vuole un consiglio? Vaporizer Shop Rauchlosefreiheit.de Con Rauchlosefreiheit. de hai fatto la scelta giusta. Siamo un \"negozio di fiducia di vaporizzatori\" certificato, che ti d\u00e0 la garanzia di un ...<\/p>","protected":false},"author":1,"featured_media":0,"parent":0,"menu_order":0,"comment_status":"closed","ping_status":"closed","template":"","meta":{"_acf_changed":false,"_genesis_hide_title":false,"_genesis_hide_breadcrumbs":false,"_genesis_hide_singular_image":false,"_genesis_hide_footer_widgets":false,"_genesis_custom_body_class":"","_genesis_custom_post_class":"","_genesis_layout":"","footnotes":""},"class_list":{"1":"page","2":"type-page","5":"entry"},"acf":[],"_links":{"self":[{"href":"https:\/\/rauchlosefreiheit.de\/it\/wp-json\/wp\/v2\/pages\/4329","targetHints":{"allow":["GET"]}}],"collection":[{"href":"https:\/\/rauchlosefreiheit.de\/it\/wp-json\/wp\/v2\/pages"}],"about":[{"href":"https:\/\/rauchlosefreiheit.de\/it\/wp-json\/wp\/v2\/types\/page"}],"author":[{"embeddable":true,"href":"https:\/\/rauchlosefreiheit.de\/it\/wp-json\/wp\/v2\/users\/1"}],"replies":[{"embeddable":true,"href":"https:\/\/rauchlosefreiheit.de\/it\/wp-json\/wp\/v2\/comments?post=4329"}],"version-history":[{"count":0,"href":"https:\/\/rauchlosefreiheit.de\/it\/wp-json\/wp\/v2\/pages\/4329\/revisions"}],"wp:attachment":[{"href":"https:\/\/rauchlosefreiheit.de\/it\/wp-json\/wp\/v2\/media?parent=4329"}],"curies":[{"name":"wp","href":"https:\/\/api.w.org\/{rel}","templated":true}]}}