{"id":41092,"date":"2021-04-25T07:25:06","date_gmt":"2021-04-25T07:25:06","guid":{"rendered":"https:\/\/rauchlosefreiheit.de\/?page_id=41092"},"modified":"2021-04-25T07:25:07","modified_gmt":"2021-04-25T07:25:07","slug":"widerrufsrecht","status":"publish","type":"page","link":"https:\/\/rauchlosefreiheit.de\/it\/diritto-di-revoca\/","title":{"rendered":"Diritto di recesso"},"content":{"rendered":"<p>Politica di cancellazione<br \/>\nI consumatori hanno un diritto di recesso di quattordici giorni.<\/p>\n<p>Diritto di recesso<br \/>\nLei ha il diritto di annullare il presente contratto entro quattordici giorni senza fornire alcuna motivazione.<\/p>\n<p>Il periodo di revoca \u00e8 di quattordici giorni a partire dal giorno in cui lei o un terzo da lei nominato, che non sia il trasportatore, ha preso o ha preso possesso dell'ultima merce.<\/p>\n<p>Per esercitare il suo diritto di recesso, deve informarci (TJ Papen, Hertog Hendriklaan 7A , 3743DL Baarn, Paesi Bassi, info@rauchlosefreiheit.de, telefono: +31 35 750 64 96) mediante una dichiarazione chiara (ad esempio una lettera inviata per posta, fax o e-mail) della sua decisione di recedere dal presente contratto. Potete usare il modello di modulo di ritiro allegato, che non \u00e8 obbligatorio.<\/p>\n<p>Per rispettare il periodo di cancellazione, \u00e8 sufficiente che lei invii la notifica dell'esercizio del diritto di cancellazione prima della scadenza del periodo di cancellazione.<\/p>\n<p>Conseguenze della revoca<br \/>\nSe lei recede da questo contratto, dobbiamo rimborsarle tutti i pagamenti che abbiamo ricevuto da lei, compresi i costi di consegna (ad eccezione dei costi aggiuntivi derivanti dal fatto che lei ha scelto un tipo di consegna diverso dalla consegna standard pi\u00f9 economica da noi offerta), senza ritardo e al massimo entro quattordici giorni dal giorno in cui abbiamo ricevuto la notifica del suo recesso da questo contratto. Per questo rimborso, useremo lo stesso mezzo di pagamento che hai usato per la transazione originale, a meno che non sia stato espressamente concordato diversamente con te; in nessun caso ti verr\u00e0 addebitato questo rimborso. Possiamo rifiutare il rimborso fino a quando non abbiamo ricevuto la merce indietro o fino a quando non avete fornito la prova che avete restituito la merce, qualunque sia la prima.<\/p>\n<p>Lei deve restituire o consegnarci la merce immediatamente e in ogni caso non oltre quattordici giorni dal giorno in cui ci comunica la revoca del presente contratto. Il termine \u00e8 rispettato se si invia la merce prima della scadenza del periodo di quattordici giorni. Le spese di restituzione della merce saranno a nostro carico. Lei dovr\u00e0 pagare la perdita di valore della merce solo se questa perdita di valore \u00e8 dovuta alla manipolazione della merce che non \u00e8 necessaria per testare la qualit\u00e0, le caratteristiche e il funzionamento della merce.<\/p>\n<p>Il diritto di recesso non si applica ai seguenti contratti:<br \/>\nContratti per la consegna di beni sigillati che non sono adatti alla restituzione per motivi di protezione della salute o di igiene se il loro sigillo \u00e8 stato rimosso dopo la consegna.<\/p>","protected":false},"excerpt":{"rendered":"<p>Politica di cancellazione I consumatori hanno un diritto di cancellazione di quattordici giorni. Diritto di recesso Lei ha il diritto di recedere da questo contratto entro quattordici giorni senza fornire alcuna ragione. Il periodo di recesso \u00e8 di quattordici giorni a partire dal giorno in cui lei o un terzo da lei nominato, che non sia il trasportatore, ha preso o ha preso possesso dell'ultima merce. Per cancellare il tuo ...<\/p>","protected":false},"author":1,"featured_media":0,"parent":0,"menu_order":0,"comment_status":"closed","ping_status":"closed","template":"","meta":{"_acf_changed":false,"_genesis_hide_title":false,"_genesis_hide_breadcrumbs":false,"_genesis_hide_singular_image":false,"_genesis_hide_footer_widgets":false,"_genesis_custom_body_class":"","_genesis_custom_post_class":"","_genesis_layout":"","footnotes":""},"class_list":{"1":"page","2":"type-page","5":"entry"},"acf":[],"_links":{"self":[{"href":"https:\/\/rauchlosefreiheit.de\/it\/wp-json\/wp\/v2\/pages\/41092","targetHints":{"allow":["GET"]}}],"collection":[{"href":"https:\/\/rauchlosefreiheit.de\/it\/wp-json\/wp\/v2\/pages"}],"about":[{"href":"https:\/\/rauchlosefreiheit.de\/it\/wp-json\/wp\/v2\/types\/page"}],"author":[{"embeddable":true,"href":"https:\/\/rauchlosefreiheit.de\/it\/wp-json\/wp\/v2\/users\/1"}],"replies":[{"embeddable":true,"href":"https:\/\/rauchlosefreiheit.de\/it\/wp-json\/wp\/v2\/comments?post=41092"}],"version-history":[{"count":1,"href":"https:\/\/rauchlosefreiheit.de\/it\/wp-json\/wp\/v2\/pages\/41092\/revisions"}],"predecessor-version":[{"id":41093,"href":"https:\/\/rauchlosefreiheit.de\/it\/wp-json\/wp\/v2\/pages\/41092\/revisions\/41093"}],"wp:attachment":[{"href":"https:\/\/rauchlosefreiheit.de\/it\/wp-json\/wp\/v2\/media?parent=41092"}],"curies":[{"name":"wp","href":"https:\/\/api.w.org\/{rel}","templated":true}]}}