{"id":10864,"date":"2018-04-07T11:12:51","date_gmt":"2018-04-07T11:12:51","guid":{"rendered":"https:\/\/rauchlosefreiheit.de\/?page_id=10864"},"modified":"2024-04-23T08:17:23","modified_gmt":"2024-04-23T08:17:23","slug":"versandarten","status":"publish","type":"page","link":"https:\/\/rauchlosefreiheit.de\/it\/metodi-di-spedizione\/","title":{"rendered":"Metodi di trasporto"},"content":{"rendered":"<p>Spediamo i nostri pacchi con UPS, DHL e DPD, potete scegliere il vostro preferito nella pagina di checkout. Non effettuiamo consegne presso le stazioni dei pacchi. I pacchi sono pronti per essere spediti immediatamente, i tempi di consegna sono di 2-6 giorni. \u00c8 possibile ritirare il pacco presso un punto di ritiro tramite il nostro selettore delle stazioni di ritiro nella pagina di checkout.<\/p>\n<p>Facciamo il possibile per spedire il vostro ordine il pi\u00f9 rapidamente possibile, ma dipendiamo dalle rispettive societ\u00e0 di trasporto. Inoltre, \u00e8 possibile che un prodotto non sia disponibile in magazzino nella quantit\u00e0 corretta, il che pu\u00f2 ritardare la spedizione.<\/p>\n<p>Potete seguire il vostro pacco nella pagina \"Il mio conto\".<\/p>\n<h4><strong>In Germania le spese di spedizione vanno da \u20ac 6,38 a \u20ac 29 con UPS Express.<\/strong><\/h4>","protected":false},"excerpt":{"rendered":"<p>Spediamo i nostri pacchi con UPS, DHL e DPD, potete scegliere il vostro preferito nella pagina di checkout. Non effettuiamo consegne presso le stazioni dei pacchi. I pacchi sono pronti per essere spediti immediatamente, i tempi di consegna sono di 2-6 giorni. \u00c8 possibile ritirare il pacco presso un punto di ritiro tramite il selettore delle stazioni di ritiro nella pagina di pagamento. Ci impegniamo a spedire il vostro ordine il pi\u00f9 rapidamente possibile, ma non siamo responsabili per ...<\/p>","protected":false},"author":1,"featured_media":0,"parent":0,"menu_order":0,"comment_status":"closed","ping_status":"closed","template":"","meta":{"_acf_changed":false,"_genesis_hide_title":false,"_genesis_hide_breadcrumbs":false,"_genesis_hide_singular_image":false,"_genesis_hide_footer_widgets":false,"_genesis_custom_body_class":"","_genesis_custom_post_class":"","_genesis_layout":"","footnotes":""},"class_list":{"1":"page","2":"type-page","5":"entry"},"acf":[],"_links":{"self":[{"href":"https:\/\/rauchlosefreiheit.de\/it\/wp-json\/wp\/v2\/pages\/10864","targetHints":{"allow":["GET"]}}],"collection":[{"href":"https:\/\/rauchlosefreiheit.de\/it\/wp-json\/wp\/v2\/pages"}],"about":[{"href":"https:\/\/rauchlosefreiheit.de\/it\/wp-json\/wp\/v2\/types\/page"}],"author":[{"embeddable":true,"href":"https:\/\/rauchlosefreiheit.de\/it\/wp-json\/wp\/v2\/users\/1"}],"replies":[{"embeddable":true,"href":"https:\/\/rauchlosefreiheit.de\/it\/wp-json\/wp\/v2\/comments?post=10864"}],"version-history":[{"count":19,"href":"https:\/\/rauchlosefreiheit.de\/it\/wp-json\/wp\/v2\/pages\/10864\/revisions"}],"predecessor-version":[{"id":62359,"href":"https:\/\/rauchlosefreiheit.de\/it\/wp-json\/wp\/v2\/pages\/10864\/revisions\/62359"}],"wp:attachment":[{"href":"https:\/\/rauchlosefreiheit.de\/it\/wp-json\/wp\/v2\/media?parent=10864"}],"curies":[{"name":"wp","href":"https:\/\/api.w.org\/{rel}","templated":true}]}}