{"id":10860,"date":"2018-04-07T11:10:39","date_gmt":"2018-04-07T11:10:39","guid":{"rendered":"https:\/\/rauchlosefreiheit.de\/?page_id=10860"},"modified":"2026-01-26T12:41:24","modified_gmt":"2026-01-26T12:41:24","slug":"zahlungsarten","status":"publish","type":"page","link":"https:\/\/rauchlosefreiheit.de\/it\/metodi-di-pagamento\/","title":{"rendered":"Modalit\u00e0 di pagamento"},"content":{"rendered":"<h2>PayPal<\/h2>\n<p>A causa del cambiamento di politica, Paypal \u00e8 stato disabilitato. Stiamo attualmente chiarendo se questo \u00e8 temporaneo o se la disattivazione \u00e8 permanente. Chiediamo la vostra pazienza e vi ringraziamo per la vostra comprensione.<\/p>\n<h2>pagamento<\/h2>\n<h3>Pagamento anticipato<\/h3>\n<p>A &amp; #8222; pagamento anticipato e #8220; paga il tuo ordine in anticipo. Dopo che l&#039;importo dovuto \u00e8 stato prenotato sul nostro conto, spediremo il tuo ordine. Quando si effettua il trasferimento, assicurarsi di inserire il numero dell&#039;ordine nello scopo previsto. Se l&#039;importo non viene trasferito 2 settimane dopo la data della fattura, l&#039;ordine verr\u00e0 annullato.<\/p>\n<p>Carte di credito (portafoglio Viva)<br \/>\nPagare Klarna pi\u00f9 tardi<br \/>\nbonifico bancario<br \/>\nBanca istantanea<br \/>\nIdeale<br \/>\nTrasferimento bancario diretto<\/p>\n<p>Banca N26 Iban: IBAN: DE12100110012621221868 BIC:NTSBDEB1XXX<\/p>\n<p>Theo Jan Papen<\/p>\n<p>Banca ING Iban: NL71 INGB 00061505 79 Bic: INGBNL2A<\/p>\n<p>Skindeep BV<\/p>\n<p><strong>Klarna Acquista ora. Paga in 2 mesi.<\/strong><br \/>\nVuoi comprare oggi e pagare tra 2 mesi? \u00c8 cos\u00ec semplice: Seleziona l'opzione \"Paga in 2 mesi\" quando completi il tuo ordine. Il prezzo di acquisto \u00e8 dovuto al pi\u00f9 presto 2 mesi dopo l'acquisto. Vi invieremo una fattura con il termine di pagamento.<br \/>\nIncoraggiare le tasse:<br \/>\n- 0,29 \u20ac per un valore dell'ordine da 10,00 \u20ac a 13,99 \u20ac<br \/>\n- 0,39 \u20ac con un valore dell'ordine da 14,00 \u20ac a 19,99 \u20ac<br \/>\n- 0,59 \u20ac con un valore dell'ordine da 20,00 \u20ac a 24,99 \u20ac<br \/>\n- 0,69 \u20ac con un valore dell'ordine da 25,00 \u20ac a 29,99 \u20ac<br \/>\n- 0,79 \u20ac per un valore dell'ordine da 30,00 \u20ac a 34,99 \u20ac<br \/>\n- 0,99 \u20ac con un valore dell'ordine da 35,00 \u20ac a 49,99 \u20ac<br \/>\n- 1,39 \u20ac con un valore dell'ordine da 50,00 \u20ac a 69,99 \u20ac<br \/>\n- 1,59 \u20ac per un valore di ordine da 70,00 \u20ac a 109,99 \u20ac - 2,99 \u20ac per un valore di ordine da 110,00 \u20ac a 159,99 \u20ac - 3,99 \u20ac per un valore di ordine da 160,00 \u20ac a 199,99 \u20ac<br \/>\nPer approfittare dell'offerta, si prega di ordinare per almeno 10,00 \u20ac ma non pi\u00f9 di 199,99 \u20ac.<br \/>\nL'importo totale del credito e il tasso annuo effettivo globale, se l'importo totale \u00e8 rimborsato dopo 3 mesi per un acquisto di 10 \u20ac 10,29 \u20ac e 11,76 % rispettivamente, per un acquisto di 14 \u20ac 14,39 \u20ac e 11,30 %, per un acquisto di 20 \u20ac 20,59 \u20ac o 11,96 %, per un acquisto di 25 \u20ac 25,69 \u20ac o 11,19 %, per un acquisto di 30 \u20ac 30,79 \u20ac o 10,68 %, per un acquisto di 35 \u20ac 35,99 \u20ac o 11,47 %, per un acquisto di 50 \u20ac 35,99 \u20ac o 11,47 %.<\/p>\n<p>51,39 \u20ac o 11,27 %, per un acquisto di 70 \u20ac 71,59 \u20ac o 9,21 %, per un acquisto di 110 \u20ac 112,99 \u20ac o 11,02 %, e per un acquisto di 160 \u20ac 163,99 \u20ac o 10,11 %. Il TAEG pu\u00f2 essere sia pi\u00f9 basso che pi\u00f9 alto e dipende dalla quantit\u00e0 di credito concesso da Klarna e dalla durata.<br \/>\nPagare in 2 mesi \u00e8 una condizione promozionale del piano a rate di Klarna. Se non paga il suo acquisto per intero al momento stabilito, le condizioni per le rate flessibili entrano automaticamente in vigore. Poi pagate il vostro acquisto comodamente in rate mensili.<br \/>\nSe l'acquisto supera per la prima volta l'importo di 199,99 euro, un accordo effettivo di \"Acquisto immediato. Paga tra 2 mesi\" \u00e8 valido solo dopo aver firmato un contratto di acquisto rateale. Il contratto di acquisto a rate vi sar\u00e0 inviato da Klarna. Potete firmare il contratto e convertire l'acquisto in un acquisto rateale o pagare l'intero prezzo di acquisto entro la data di scadenza specificata. La data di scadenza del pagamento \u00e8 di 14 giorni dalla spedizione della merce, dei biglietti o, nel caso di altri servizi, dalla data di disponibilit\u00e0 dei servizi o dei contenuti digitali. In caso di ritardo nel pagamento, Klarna pu\u00f2 addebitare un importo forfettario di 1,20 euro per ogni sollecito per il danno causato. L'utente ha il diritto di dimostrare che Klarna non ha subito alcun danno o solo un danno minore.<br \/>\nKlarna tratta i dati personali dell'utente al fine di adempiere ai nostri obblighi ai sensi del presente accordo e per gli ulteriori scopi indicati nella nostra politica sulla privacy. L'informativa sulla privacy \u00e8 disponibile qui e sul nostro sito web, e utilizzando i Servizi Klarna l'utente riconosce di aver letto la presente informativa sulla privacy. Trattiamo i tuoi dati personali per esempio per identificarti e per l'analisi dei clienti,<\/p>\n<p>di credito, di marketing e di sviluppo del business. Possiamo anche fornire i suoi dati a terze parti selezionate (ad esempio, agenzie di riferimento del credito) che possono avere sede al di fuori dell'UE\/SEE. Per maggiori informazioni sulla condivisione dei dati, sui tuoi diritti in relazione ai tuoi dati, su come contattarci in caso di domande o su come presentare un reclamo alla tua autorit\u00e0 di vigilanza nazionale, consulta l'informativa sulla privacy.<br \/>\nPotete trovare i termini e le condizioni qui.<br \/>\nInformazioni sul contratto di locazione-acquisto nella forma del contratto europeo<br \/>\nLe informazioni standard per il credito al consumo possono essere trovate qui.<br \/>\nScarica queste informazioni.<\/p>","protected":false},"excerpt":{"rendered":"<p>PayPal A causa del cambiamento di politica, PayPal \u00e8 stato bloccato. Al momento stiamo chiarendo se si tratta di un blocco temporaneo o se la disattivazione \u00e8 permanente. Vi chiediamo di avere pazienza e vi ringraziamo per la vostra comprensione. Pagamento anticipato Con \"Pagamento anticipato\" si paga l'ordine in anticipo. Dopo l'accredito dell'importo dovuto sul nostro conto, spediremo il vostro ...<\/p>","protected":false},"author":1,"featured_media":0,"parent":0,"menu_order":0,"comment_status":"closed","ping_status":"closed","template":"","meta":{"_acf_changed":false,"_genesis_hide_title":false,"_genesis_hide_breadcrumbs":false,"_genesis_hide_singular_image":false,"_genesis_hide_footer_widgets":false,"_genesis_custom_body_class":"","_genesis_custom_post_class":"","_genesis_layout":"","footnotes":""},"class_list":{"1":"page","2":"type-page","5":"entry"},"acf":[],"_links":{"self":[{"href":"https:\/\/rauchlosefreiheit.de\/it\/wp-json\/wp\/v2\/pages\/10860","targetHints":{"allow":["GET"]}}],"collection":[{"href":"https:\/\/rauchlosefreiheit.de\/it\/wp-json\/wp\/v2\/pages"}],"about":[{"href":"https:\/\/rauchlosefreiheit.de\/it\/wp-json\/wp\/v2\/types\/page"}],"author":[{"embeddable":true,"href":"https:\/\/rauchlosefreiheit.de\/it\/wp-json\/wp\/v2\/users\/1"}],"replies":[{"embeddable":true,"href":"https:\/\/rauchlosefreiheit.de\/it\/wp-json\/wp\/v2\/comments?post=10860"}],"version-history":[{"count":11,"href":"https:\/\/rauchlosefreiheit.de\/it\/wp-json\/wp\/v2\/pages\/10860\/revisions"}],"predecessor-version":[{"id":72623,"href":"https:\/\/rauchlosefreiheit.de\/it\/wp-json\/wp\/v2\/pages\/10860\/revisions\/72623"}],"wp:attachment":[{"href":"https:\/\/rauchlosefreiheit.de\/it\/wp-json\/wp\/v2\/media?parent=10860"}],"curies":[{"name":"wp","href":"https:\/\/api.w.org\/{rel}","templated":true}]}}