{"id":4368,"date":"2015-11-15T13:21:14","date_gmt":"2015-11-15T13:21:14","guid":{"rendered":"https:\/\/rauchlosefreiheit.de\/?page_id=4368"},"modified":"2017-10-24T13:25:12","modified_gmt":"2017-10-24T13:25:12","slug":"e-liquid-selber-mischen","status":"publish","type":"page","link":"https:\/\/rauchlosefreiheit.de\/en\/mixing-e-liquid-yourself\/","title":{"rendered":"Mix E-Liquid yourself"},"content":{"rendered":"<p><img loading=\"lazy\" decoding=\"async\" class=\"size-large wp-image-4479 aligncenter\" src=\"https:\/\/rauchlosefreiheit.de\/wp-content\/uploads\/2015\/11\/photodune-6188177-diy-m-1024x585.jpg\" alt=\"diy e Fl\u00fcssigkeit\" width=\"1024\" height=\"585\" srcset=\"https:\/\/rauchlosefreiheit.de\/wp-content\/uploads\/2015\/11\/photodune-6188177-diy-m-100x57.jpg 100w, https:\/\/rauchlosefreiheit.de\/wp-content\/uploads\/2015\/11\/photodune-6188177-diy-m-300x171.jpg 300w, https:\/\/rauchlosefreiheit.de\/wp-content\/uploads\/2015\/11\/photodune-6188177-diy-m-500x286.jpg 500w, https:\/\/rauchlosefreiheit.de\/wp-content\/uploads\/2015\/11\/photodune-6188177-diy-m-768x439.jpg 768w, https:\/\/rauchlosefreiheit.de\/wp-content\/uploads\/2015\/11\/photodune-6188177-diy-m-1024x585.jpg 1024w, https:\/\/rauchlosefreiheit.de\/wp-content\/uploads\/2015\/11\/photodune-6188177-diy-m-1536x878.jpg 1536w, https:\/\/rauchlosefreiheit.de\/wp-content\/uploads\/2015\/11\/photodune-6188177-diy-m.jpg 1792w\" sizes=\"auto, (max-width: 1024px) 100vw, 1024px\" \/><\/p>\n<p>&nbsp;<\/p>\n<p>Sie sind auf der Suche nach preiswertem Liquid f\u00fcr Ihre E-Zigarette? Sie m\u00f6chten sich Ihr E-Liquid selber mischen und dadurch Geld und Zeit sparen? Sie ben\u00f6tigen einen E-Liquid Rechner, der Ihnen das perfekte Mischverh\u00e4ltnis berechnet?<\/p>\n<h2>E-Liquid selber mischen ganz einfach gemacht<\/h2>\n<p>Mit unserem E-Liquid Rechner k\u00f6nnen Sie ganz einfach Ihr Mischverh\u00e4ltnis berechnen. Bestellen Sie im \u00a0<a href=\"https:\/\/rauchlosefreiheit.de\/produkt-kategorie\/liquid-2\/\">E-Zigaretten Liquid Shop<\/a> die verschiedenen Fl\u00fcssigkeiten und Aromen und sparen Sie Zeit und Geld. Mischen Sie, wenn Sie wollen, sich Ihre eigene <a href=\"https:\/\/rauchlosefreiheit.de\/produkt-kategorie\/aroma\/\">Liquid Aromen<\/a> aus verschiedenen Sorten zusammen. Sei es zum Beispiel Mango, Kokosnuss, Kaffee, Cappuccino, Banana Cream, Pizza oder Zitrone. Aus verschiedenen Liquid Aromen, wie zum Beispiel Apfel, Mango, Zitrone und Passionsfrucht, kann man ein leckeres Tropicalaroma machen. E-Liquid selber mischen ist ganz einfach. Durch unsere jahrelange Erfahrung im Bereich des Verkaufes von E-Zigaretten und nicht zuletzt durch den Konsum, k\u00f6nnen wir Ihnen eine professionelle Beratung geben. Da wir ein zertifizierter\u201c trusted Shop\u201c sind, k\u00f6nnen wir Ihnen eine sichere Kaufabwicklung und Qualit\u00e4t garantieren. In unserem Heimatland den Niederlanden, haben wir bereits einen gro\u00dfen und festen Kundenkreis aufgebaut, der auf unsere Produkte und unsere Zusammenarbeit steht.<\/p>\n<h2>Do it yourself- E-Liquid selber mischen<\/h2>\n<p>Es bedarf nicht viele Zutaten, um sich E-Liquid selber zu mischen. Sie ben\u00f6tigen das Aroma, Nikotin, PG und VG. Mit Hilfe unseres Liquid Rechners k\u00f6nnen Sie \u00fcber Ihr Smartphone innerhalb k\u00fcrzester Zeit das Mischverh\u00e4ltnis berechnen. Neben Liquide und Aromen, k\u00f6nnen Sie sich zum Beispiel auch <a href=\"https:\/\/rauchlosefreiheit.de\/e-zigarette-starterset\/\">E-Zigaretten Startersets<\/a> oder <a href=\"https:\/\/rauchlosefreiheit.de\/produkt-kategorie\/vaporizer-hardware\/\">Vaporizer<\/a> kaufen. Wir bieten Ihnen f\u00fcr Ihre <a href=\"https:\/\/rauchlosefreiheit.de\/produkt-kategorie\/e-zigaretten-hardware\/e-zigaretten-zubehoer\/\">E-Zigarette Zubeh\u00f6r<\/a> und verschiedene Ersatzteile. St\u00f6bern Sie durch unseren Onlineshop und informieren Sie sich \u00fcber die verschiedenen Ger\u00e4te. Da wir ein zertifizierter Shop sind, k\u00f6nnen wir Ihnen Qualit\u00e4t und eine sicher Kaufabwicklung garantieren. Unsere Lieferungen sind innerhalb weniger Werktagen bei Ihnen Zuhause. Genie\u00dfen Sie mit einer E-Zigarette und Ihren selbst gemischten Liquids die rauchlose Freiheit und schalten Sie vom stressigen Alltag ab. G\u00f6nnen Sie sich eine kleine Belohnung f\u00fcr Zwischendurch.<\/p>\n<p>Bestellen Sie jetzt und profitieren Sie von den niedrigen Preisen! E-Liquid selber mischen und Zeit und Geld sparen!<\/p>\n<p style=\"text-align: center;\"><strong>[su_box title=&#8220;<\/strong>E Liquid DIY sie Sparen bis zu 70%&#8220; style=&#8220;bubbles&#8220;,<strong> box_color=&#8220;#1e2126&#8243;]<\/strong><\/p>\n<h1 style=\"text-align: justify;\">E liquid selber machen Anleitung<\/h1>\n<p style=\"text-align: justify;\"><strong>E Zigaretten liquid\u00a0selber machen, verschiedene Geschm\u00e4cker, verschiedene Nikotinst\u00e4rken, verschiedene Inhaltsstoffe \u2013 alles individuell zusammenstellbar<\/strong><\/p>\n<p style=\"text-align: justify;\"><strong>Die Auswahl an verschiedenen e-Fl\u00fcssigkeiten ist fast grenzenlos, genauso wie die m\u00f6gliche Wahl der Inhaltsstoffe und der Nikotinst\u00e4rke. Da gibt es unter anderem den Inhaltsstoff Propylenglykol, der die St\u00e4rke (das Kratzen im Hals) des Rauches bestimmt, das pflanzliche Glyzerin, welches die Rauchdichte bestimmt, die Aromen, eventuelle Fl\u00fcssigkeiten und die St\u00e4rke, in Milligramm angegeben, an Nikotin. <\/strong><\/p>\n<p style=\"text-align: justify;\"><strong>Die Nikotinst\u00e4rke ist frei w\u00e4hlbar zwischen:<\/strong><\/p>\n<ul style=\"text-align: justify;\">\n<li><strong>0 mg = ohne Nikotin<\/strong><\/li>\n<li>10<strong> mg = wenig Nikotin (extra light Zigaretten)<\/strong><\/li>\n<li>16<strong> mg = mittlere St\u00e4rke (Light Zigaretten)<\/strong><\/li>\n<li>24<strong> mg = hohe Konzentration (normale Tabakzigaretten)<\/strong><\/li>\n<\/ul>\n<p style=\"text-align: justify;\"><strong>Eine normale Mischung ben\u00f6tigt, je nach Geschmack, zwischen 5% &#8211; 20% Aromen (in Ausnahmef\u00e4llen 1% &#8211; 3%). Starten Sie Ihre Mischung mit einer kleinen Menge, bis Sie Ihrem Geschmack optimal entspricht. Merken Sie sich die Zusammensetzung, um immer Ihren Lieblings-Geschmack dampfen zu k\u00f6nnen.<\/strong><\/p>\n<p style=\"text-align: justify;\"><strong>So entsteht eine Mischung:<\/strong><\/p>\n<p style=\"text-align: justify;\"><strong>Mischen Sie, um 10ml\/10mg PG\/VG 50\/50 e-Fl\u00fcssigkeit zu erhalten, folgendes in einer Glasflasche zusammen: <\/strong><\/p>\n<p style=\"text-align: justify;\"><strong>1 ml \u00a0PG Nikotin <\/strong><strong>( Basis ist 100 mg) 3 ml Propylenglykol (ohne Nikotin), 5 ml pflanzliches Glyzerin f\u00fcr die Rauchdichte, \u00a0und 1 ml Aromafl\u00fcssigkeit. <\/strong><\/p>\n<p style=\"text-align: justify;\"><strong>Sch\u00fctteln Sie die Flasche gut und geniessen Sie das neue Dampferlebnis.<\/strong><\/p>\n<p style=\"text-align: justify;\"><strong>Um die e-Fl\u00fcssigkeit zu verd\u00fcnnen, k\u00f6nnen Sie destilliertes Wasser, Wodka oder Getreidealkohol verwenden. Verwenden Sie von diesen Fl\u00fcssigkeiten zwischen 1% &#8211; 5%. Bei Verwendung von Alkohol wird das Rauchgef\u00fchl st\u00e4rker werden (mehr Kratzen im Hals). Lesen Sie in den e-Zigaretten Foren mehr \u00fcber das Mischen von e-Fl\u00fcssigkeiten und den verschiedenen M\u00f6glichkeiten. Experimentieren Sie und erfinden Sie immer wieder Neues.<\/strong><\/p>\n<p style=\"text-align: justify;\"><strong>Warnung!<\/strong><\/p>\n<p style=\"text-align: justify;\"><span style=\"color: #ff0000;\"><strong>Nikotin ist ein Gift und sehr gef\u00e4hrlich, wenn Sie mit h\u00f6heren Konzentrationen arbeiten empfehlen wir Ihnen, Handschuhe und Schutzkleidung tragen. Kommt die Fl\u00fcssigkeit in die Augen oder wird versehentlich getrunken, sofort einen Arzt aufsuchen!<\/strong><\/span><\/p>\n<p style=\"text-align: center;\"><strong>E Liquid Rechner\u00a0<\/strong><\/p>\n<p><img loading=\"lazy\" decoding=\"async\" class=\"alignnone wp-image-4170\" src=\"https:\/\/rauchlosefreiheit.de\/wp-content\/uploads\/2015\/08\/Unknown.png\" alt=\"app store app liquid rechner\" width=\"220\" height=\"171\" \/><img loading=\"lazy\" decoding=\"async\" class=\"alignnone wp-image-4130\" src=\"https:\/\/rauchlosefreiheit.de\/wp-content\/uploads\/2015\/10\/unnamed.png\" alt=\"google playstore app\" width=\"86\" height=\"171\" \/><br \/>\n<strong><a href=\"https:\/\/play.google.com\/store\/apps\/details?id=nl.nieuwesigaret.app\" target=\"_blank\" rel=\"noopener\">Download E liquid Rechner im Google Play store<\/a><\/strong><i class=\"fa fa-google fa-spin fa-3x\" style=\"color: red;\"><\/i><br \/>\n<strong><a href=\"https:\/\/itunes.apple.com\/nl\/app\/e-liquid-recipe-calculator\/id1052698556?mt=8\" target=\"_blank\" rel=\"noopener\">Download E Liquid Rechner im App Store<\/a><\/strong><i class=\"fa fa-apple fa-spin fa-3x\" style=\"color: green;\"><\/i><br \/>\n[\/su_box]<\/p>\n<p><img loading=\"lazy\" decoding=\"async\" class=\"aligncenter size-full wp-image-4500\" src=\"https:\/\/rauchlosefreiheit.de\/wp-content\/uploads\/2015\/12\/shutterstock_270566.jpg\" alt=\"vapor no smoke\" width=\"1000\" height=\"150\" srcset=\"https:\/\/rauchlosefreiheit.de\/wp-content\/uploads\/2015\/12\/shutterstock_270566-100x15.jpg 100w, https:\/\/rauchlosefreiheit.de\/wp-content\/uploads\/2015\/12\/shutterstock_270566-300x45.jpg 300w, https:\/\/rauchlosefreiheit.de\/wp-content\/uploads\/2015\/12\/shutterstock_270566-500x75.jpg 500w, https:\/\/rauchlosefreiheit.de\/wp-content\/uploads\/2015\/12\/shutterstock_270566-768x115.jpg 768w, https:\/\/rauchlosefreiheit.de\/wp-content\/uploads\/2015\/12\/shutterstock_270566.jpg 1000w\" sizes=\"auto, (max-width: 1000px) 100vw, 1000px\" \/><\/p>\n","protected":false},"excerpt":{"rendered":"<p>&nbsp; Are you looking for inexpensive liquid for your e-cigarette? Would you like to mix your own e-liquid and save time and money? Do you need an e-liquid calculator that calculates the perfect mixing ratio? Mixing e-liquid yourself made easy With our e-liquid calculator you can easily calculate your mixing ratio. Order ...<\/p>","protected":false},"author":1,"featured_media":0,"parent":0,"menu_order":0,"comment_status":"closed","ping_status":"closed","template":"","meta":{"_acf_changed":false,"_genesis_hide_title":false,"_genesis_hide_breadcrumbs":false,"_genesis_hide_singular_image":false,"_genesis_hide_footer_widgets":false,"_genesis_custom_body_class":"","_genesis_custom_post_class":"","_genesis_layout":"","footnotes":""},"class_list":{"1":"page","2":"type-page","5":"entry"},"acf":[],"_links":{"self":[{"href":"https:\/\/rauchlosefreiheit.de\/en\/wp-json\/wp\/v2\/pages\/4368","targetHints":{"allow":["GET"]}}],"collection":[{"href":"https:\/\/rauchlosefreiheit.de\/en\/wp-json\/wp\/v2\/pages"}],"about":[{"href":"https:\/\/rauchlosefreiheit.de\/en\/wp-json\/wp\/v2\/types\/page"}],"author":[{"embeddable":true,"href":"https:\/\/rauchlosefreiheit.de\/en\/wp-json\/wp\/v2\/users\/1"}],"replies":[{"embeddable":true,"href":"https:\/\/rauchlosefreiheit.de\/en\/wp-json\/wp\/v2\/comments?post=4368"}],"version-history":[{"count":0,"href":"https:\/\/rauchlosefreiheit.de\/en\/wp-json\/wp\/v2\/pages\/4368\/revisions"}],"wp:attachment":[{"href":"https:\/\/rauchlosefreiheit.de\/en\/wp-json\/wp\/v2\/media?parent=4368"}],"curies":[{"name":"wp","href":"https:\/\/api.w.org\/{rel}","templated":true}]}}