{"id":4324,"date":"2015-11-14T12:57:45","date_gmt":"2015-11-14T12:57:45","guid":{"rendered":"https:\/\/rauchlosefreiheit.de\/?page_id=4324"},"modified":"2020-05-14T12:12:47","modified_gmt":"2020-05-14T12:12:47","slug":"bester-vaporizer-im-test","status":"publish","type":"page","link":"https:\/\/rauchlosefreiheit.de\/en\/best-vaporizer-in-test\/","title":{"rendered":"Best vaporizer in the test"},"content":{"rendered":"<p>Sie m\u00f6chten sich einen Vaporizer zulegen, aber wissen gar nicht worauf Sie eigentlich achten m\u00fcssen? Wof\u00fcr benutzt man einen Vaporizer und welche sind die Besten? Welche Faktoren spielen eine wichtige Rolle f\u00fcr den besten Vaporizer Test?<\/p>\n<h2>Bester Vaporizer im Test<\/h2>\n<p>Es gibt verschiedene Faktoren die einen Einfluss auf die Beurteilung eines Vaporizers haben. Die Temperatur, das Gewicht, die Dichtheit des Ger\u00e4tes und die Aufbewahrungszeit des Dampfes spielen hierf\u00fcr eine wichtige Rolle. Ein Vorteil eines Vaporizers ist, dass es zu keiner Oxidation kommt. Die Temperaturen werden innerhalb der Vaporizer so optimiert, dass gr\u00f6\u00dftenteils nur das THC und die Geschmacksstoffe gasf\u00f6rmig werden. Das THC kann dadurch viel effizienter genutzt werden. Zwischen den Verdampfern gibt es verschiedene Unterschiede. Es gibt sowohl Stift-, tragbare als auch Tischvaporizer. Die sogenannten \u201ePocketvaporizers\u201c sind heutzutage, aufgrund ihrer Gr\u00f6\u00dfe und der Leichtigkeit, sehr modern. Nat\u00fcrlich konnten noch nicht alle Vaporizer wissenschaftlich getestet werden, aber aus einer Anzahl von Analysen kam man zu folgenden Ergebnissen: Die H\u00f6chsttemperatur lag bei ca. 226\u00b0C und die niedrigste Temperatur bei 180\u00b0C. Anhand verschiedener wissenschaftlicher Quellen konnten wir entnehmen, dass bei 200\u00b0C der Siedepunkt von THC liegt. Ab 250\u00b0C f\u00e4ngt es an zu verbrennen. Die Temperatur ist sehr oft abh\u00e4ngig vom Material. Je l\u00e4nger der Dampf innerhalb des Vaporizers aufbewahrt wird, desto mehr THC geht verloren. Bei einer Dampfaufbewahrung von mehr als 90 Minuten gehen mehr als 50% THC verloren. Alle unsere Vaporizer entsprechen den Standartanforderungen und sind im besten Vaporizer Test positiv bewertet.<\/p>\n<h2>Bester Vaporizer im Test bei Rauchlosefreiheit.de<\/h2>\n<p>Bei uns waren die besten Vaporizer im Test. Die Vorteile eines Verdampfers sind eindeutig: Ein Verdampfer produziert keinen Rauch, sodass man \u00fcberall rauchen kann. Au\u00dferdem kann THC effizienter genutzt werden, wodurch man wiederum Geld spart. Testen Sie es selber und nehmen Sie selber den besten Vaporizer in den Test. Neben Vaporizern, k\u00f6nnen Sie in unserem Onlineshop auch E-Zigaretten, f\u00fcr Ihre <a href=\"\/E-Zigarette-Ersatzteile\/\">E-Zigarette Ersatzteile<\/a>, <a href=\"\/Liquid-Aromen\/\">Liquid Aromen<\/a> und weiteres Zubeh\u00f6r erhalten. DIY- Do it yourself. Mit unseren Aromen k\u00f6nnen Sie sogar Ihr E-liquid selber mischen.<\/p>\n<p>[su_icon_text icon=&#8220;icon: info&#8220; icon_size=&#8220;20&#8243; url=&#8220;\/kontakt\/&#8220;]Nehmen Sie jetzt <a href=\"\/kontakt\/\">Kontakt<\/a> mit uns auf, denn wir hatten die besten Vaporizer im Test und beraten Sie gerne![\/su_icon_text]<\/p>\n<p><img loading=\"lazy\" decoding=\"async\" class=\"aligncenter size-full wp-image-4500\" src=\"https:\/\/rauchlosefreiheit.de\/wp-content\/uploads\/2015\/12\/shutterstock_270566.jpg\" alt=\"vapor no smoke\" width=\"1000\" height=\"150\" srcset=\"https:\/\/rauchlosefreiheit.de\/wp-content\/uploads\/2015\/12\/shutterstock_270566-100x15.jpg 100w, https:\/\/rauchlosefreiheit.de\/wp-content\/uploads\/2015\/12\/shutterstock_270566-300x45.jpg 300w, https:\/\/rauchlosefreiheit.de\/wp-content\/uploads\/2015\/12\/shutterstock_270566-500x75.jpg 500w, https:\/\/rauchlosefreiheit.de\/wp-content\/uploads\/2015\/12\/shutterstock_270566-768x115.jpg 768w, https:\/\/rauchlosefreiheit.de\/wp-content\/uploads\/2015\/12\/shutterstock_270566.jpg 1000w\" sizes=\"auto, (max-width: 1000px) 100vw, 1000px\" \/><\/p>\n","protected":false},"excerpt":{"rendered":"<p>You want to buy a vaporizer, but you don't know what to look for? What do you use a vaporizer for and which ones are the best? Which factors play an important role in the best vaporizer test? Best Vaporizer Test There are several factors that have an influence on the evaluation of a vaporizer. The temperature, ...<\/p>","protected":false},"author":1,"featured_media":0,"parent":0,"menu_order":0,"comment_status":"closed","ping_status":"closed","template":"","meta":{"_acf_changed":false,"_genesis_hide_title":false,"_genesis_hide_breadcrumbs":false,"_genesis_hide_singular_image":false,"_genesis_hide_footer_widgets":false,"_genesis_custom_body_class":"","_genesis_custom_post_class":"","_genesis_layout":"","footnotes":""},"class_list":{"1":"page","2":"type-page","5":"entry"},"acf":[],"_links":{"self":[{"href":"https:\/\/rauchlosefreiheit.de\/en\/wp-json\/wp\/v2\/pages\/4324","targetHints":{"allow":["GET"]}}],"collection":[{"href":"https:\/\/rauchlosefreiheit.de\/en\/wp-json\/wp\/v2\/pages"}],"about":[{"href":"https:\/\/rauchlosefreiheit.de\/en\/wp-json\/wp\/v2\/types\/page"}],"author":[{"embeddable":true,"href":"https:\/\/rauchlosefreiheit.de\/en\/wp-json\/wp\/v2\/users\/1"}],"replies":[{"embeddable":true,"href":"https:\/\/rauchlosefreiheit.de\/en\/wp-json\/wp\/v2\/comments?post=4324"}],"version-history":[{"count":1,"href":"https:\/\/rauchlosefreiheit.de\/en\/wp-json\/wp\/v2\/pages\/4324\/revisions"}],"predecessor-version":[{"id":38618,"href":"https:\/\/rauchlosefreiheit.de\/en\/wp-json\/wp\/v2\/pages\/4324\/revisions\/38618"}],"wp:attachment":[{"href":"https:\/\/rauchlosefreiheit.de\/en\/wp-json\/wp\/v2\/media?parent=4324"}],"curies":[{"name":"wp","href":"https:\/\/api.w.org\/{rel}","templated":true}]}}