{"id":41271,"date":"2021-05-04T11:38:45","date_gmt":"2021-05-04T11:38:45","guid":{"rendered":"https:\/\/rauchlosefreiheit.de\/?page_id=41271"},"modified":"2021-05-19T07:26:16","modified_gmt":"2021-05-19T07:26:16","slug":"datenschutzbelehrung","status":"publish","type":"page","link":"https:\/\/rauchlosefreiheit.de\/en\/privacy-policy\/","title":{"rendered":"Privacy policy"},"content":{"rendered":"<p>Datenschutzerkl\u00e4rung<\/p>\n<p>Verantwortlicher f\u00fcr die Datenverarbeitung ist:<br \/>\nTJ Papen<br \/>\nHertog Hendriklaan 7A<br \/>\n3743DL Baarn<br \/>\nNiederlande<br \/>\ninfo@rauchlosefreiheit.de<\/p>\n<p>Wir freuen uns \u00fcber Ihr Interesse an unserem Online-Shop. Der Schutz Ihrer Privatsph\u00e4re ist f\u00fcr uns sehr wichtig. Nachstehend informieren wir Sie ausf\u00fchrlich \u00fcber den Umgang mit Ihren Daten.<\/p>\n<p>1. ZUGRIFFSDATEN UND HOSTING<br \/>\nSie k\u00f6nnen unsere Webseiten besuchen, ohne Angaben zu Ihrer Person zu machen. Bei jedem Aufruf einer Webseite speichert der Webserver lediglich automatisch ein sogenanntes Server-Logfile, das z.B. den Namen der angeforderten Datei, Ihre IP-Adresse, Datum und Uhrzeit des Abrufs, \u00fcbertragene Datenmenge und den anfragenden Provider (Zugriffsdaten) enth\u00e4lt und den Abruf dokumentiert. Diese Zugriffsdaten werden ausschlie\u00dflich zum Zwecke der Sicherstellung eines st\u00f6rungsfreien Betriebs der Seite sowie der Verbesserung unseres Angebots ausgewertet. Dies dient der Wahrung unserer im Rahmen einer Interessensabw\u00e4gung \u00fcberwiegenden berechtigten Interessen an einer korrekten Darstellung unseres Angebots gem\u00e4\u00df Art. 6 Abs. 1 S. 1 lit. f DSGVO. Alle Zugriffsdaten werden sp\u00e4testens sieben Tage nach Ende Ihres Seitenbesuchs gel\u00f6scht.<\/p>\n<p>1.1 HOSTING<br \/>\nDie Dienste zum Hosting und zur Darstellung der Webseite werden teilweise durch unsere Dienstleister im Rahmen einer Verarbeitung in unserem Auftrag erbracht. Soweit im Rahmen der vorliegenden Datenschutzerkl\u00e4rung nichts anderes erl\u00e4utert wird, werden alle Zugriffsdaten sowie alle Daten, die in daf\u00fcr vorgesehenen Formularen auf dieser Webseite erhoben werden, auf ihren Servern verarbeitet. Bei Fragen zu unseren Dienstleistern und der Grundlage unserer Zusammenarbeit mit ihnen wenden Sie sich bitte an die in dieser Datenschutzerkl\u00e4rung beschriebenen Kontaktm\u00f6glichkeit.<\/p>\n<p>1.2 CONTENT DELIVERY NETWORK<br \/>\nZum Zwecke einer k\u00fcrzeren Ladezeit setzen wir bei einigen Angeboten ein sogenanntes Content Delivery Network (\u201eCDN\u201c) ein. Bei diesem Dienst werden Inhalte, z.B. gro\u00dfe Mediendateien, \u00fcber regional verteilte Server externer CDN-Dienstleister ausgeliefert. Daher werden auf den Servern der Dienstleister Zugriffsdaten verarbeitet. Unsere Dienstleister sind im Rahmen einer Auftragsverarbeitung f\u00fcr uns t\u00e4tig. Unsere Dienstleister sitzen und\/oder verwenden Server in L\u00e4ndern au\u00dferhalb der EU und des EWR. F\u00fcr diese L\u00e4nder liegt kein Angemessenheitsbeschluss der Europ\u00e4ischen Kommission vor. Unsere Zusammenarbeit mit ihnen st\u00fctzt sich auf Standarddatenschutzklauseln der Europ\u00e4ischen Kommission. Bei Fragen zu unseren Dienstleistern und der Grundlage unserer Zusammenarbeit mit ihnen wenden Sie sich bitte an die in dieser Datenschutzerkl\u00e4rung beschriebenen Kontaktm\u00f6glichkeit.<\/p>\n<p>2. DATENVERARBEITUNG ZUR VERTRAGSABWICKLUNG, KONTAKTAUFNAHME UND BEI ER\u00d6FFNUNG EINES KUNDENKONTOS<br \/>\nWir erheben personenbezogene Daten, wenn Sie uns diese im Rahmen Ihrer Bestellung oder bei einer Kontaktaufnahme mit uns (z.B. per Kontaktformular oder E-Mail) freiwillig mitteilen. Pflichtfelder werden als solche gekennzeichnet, da wir in diesen F\u00e4llen die Daten zwingend zur Vertragsabwicklung, bzw. zur Bearbeitung Ihrer Kontaktaufnahme ben\u00f6tigen und Sie ohne deren Angabe die Bestellung bzw. die Kontaktaufnahme nicht versenden k\u00f6nnen. Welche Daten erhoben werden, ist aus den jeweiligen Eingabeformularen ersichtlich. Wir verwenden die von Ihnen mitgeteilten Daten zur Vertragsabwicklung und Bearbeitung Ihrer Anfragen gem\u00e4\u00df Art. 6 Abs. 1 S. 1 lit. b DSGVO.<br \/>\nSoweit Sie hierzu Ihre Einwilligung nach Art. 6 Abs. 1 S. 1 lit. a DSGVO erteilt haben, indem Sie sich f\u00fcr die Er\u00f6ffnung eines Kundenkontos entscheiden, verwenden wir Ihre Daten zum Zwecke der Kundenkontoer\u00f6ffnung. Weitere Informationen zu der Verarbeitung Ihrer Daten, insbesondere zu der Weitergabe an unsere Dienstleister zum Zwecke der Bestellungs-, Zahlungs- und Versandabwicklung, finden Sie in den nachfolgenden Abschnitten dieser Datenschutzerkl\u00e4rung. Nach vollst\u00e4ndiger Abwicklung des Vertrages oder L\u00f6schung Ihres Kundenkontos werden Ihre Daten f\u00fcr die weitere Verarbeitung eingeschr\u00e4nkt und nach Ablauf der steuer- und handelsrechtlichen Aufbewahrungsfristen gem\u00e4\u00df Art. 6 Abs. 1 S. 1 lit. c DSGVO gel\u00f6scht, sofern Sie nicht ausdr\u00fccklich in eine weitere Nutzung Ihrer Daten gem\u00e4\u00df Art. 6 Abs. 1 S. 1 lit. a DSGVO eingewilligt haben oder wir uns eine dar\u00fcber hinausgehende Datenverwendung vorbehalten, die gesetzlich erlaubt ist und \u00fcber die wir Sie in dieser Erkl\u00e4rung informieren. Die L\u00f6schung Ihres Kundenkontos ist jederzeit m\u00f6glich und kann entweder durch eine Nachricht an die in dieser Datenschutzerkl\u00e4rung beschriebene Kontaktm\u00f6glichkeit oder \u00fcber eine daf\u00fcr vorgesehene Funktion im Kundenkonto erfolgen.<\/p>\n<p>2.1 WARENWIRTSCHAFTSSYSTEM<br \/>\nZur Bestell- und Vertragsabwicklung setzen wir Warenwirtschaftssysteme externer Dienstleister ein. Unsere Dienstleister sind im Rahmen einer Auftragsverarbeitung f\u00fcr uns t\u00e4tig. Bei Fragen zu unseren Dienstleistern und der Grundlage unserer Zusammenarbeit mit ihnen wenden Sie sich bitte an die in dieser Datenschutzerkl\u00e4rung beschriebenen Kontaktm\u00f6glichkeit.<\/p>\n<p>2.2 DATENWEITERGABE ZWECKS ALTERSVERIFIKATION<br \/>\nSofern Ihre Bestellung Waren umfasst, deren Verkauf Altersbeschr\u00e4nkungen unterliegt, stellen wir durch den Einsatz eines zuverl\u00e4ssigen Verfahrens unter Einbeziehung einer pers\u00f6nlichen Identit\u00e4ts- und Alterspr\u00fcfung sicher, dass der Besteller das erforderliche Mindestalter erreicht hat. Zu diesem Zweck wird auf unserer Webseite der SCHUFA Identit\u00e4tsCheck eingesetzt. Dieser Dienst wird von der SCHUFA Holding AG, Kormoranweg 5, 65201 Wiesbaden, Deutschland (im Folgenden: SCHUFA) betrieben.<br \/>\nUm das erforderliche Mindestalter sicherzustellen, werden in diesem Rahmen einzelne personenbezogene Daten (z.B. Name, Anschrift und Geburtsdatum) an die SCHUFA Holding AG \u00fcbermittelt. Es wird sodann ein sog. Identit\u00e4tscheck mit Q-Bit durchgef\u00fchrt, der von der Kommission f\u00fcr Jugendmedienschutz (KJM) zur Alterspr\u00fcfung positiv bewertet wurde. Die Daten\u00fcbermittlung an die SCHUFA dient gem\u00e4\u00df Art. 6 Abs. 1 S. 1 lit. f DSGVO der Wahrung unserer im Rahmen einer Interessensabw\u00e4gung \u00fcberwiegenden berechtigten Interessen an der Sicherstellung eines jugendschutzrechtskonformen Angebots sowie der Wahrung der gesetzlichen Bestimmungen zum Jugendschutz. Eine Bonit\u00e4tspr\u00fcfung findet insoweit nicht statt.<\/p>\n<p>3. DATENVERARBEITUNG ZUM ZWECKE DER VERSANDABWICKLUNG<br \/>\nZur Vertragserf\u00fcllung gem\u00e4\u00df Art. 6 Abs. 1 S. 1 lit. b DSGVO geben wir Ihre Daten an den mit der Lieferung beauftragten Versanddienstleister weiter, soweit dies zur Lieferung bestellter Waren erforderlich ist.<\/p>\n<p>DATENWEITERGABE AN VERSANDDIENSTLEISTER ZUM ZWECKE DER VERSANDANK\u00dcNDIGUNG<br \/>\nSofern Sie uns hierzu w\u00e4hrend oder nach Ihrer Bestellung Ihre ausdr\u00fcckliche Einwilligung erteilt haben, geben wir aufgrund dieser gem\u00e4\u00df Art. 6 Abs. 1 S. 1 lit. a DSGVO Ihre E-Mail-Adresse an den ausgew\u00e4hlten Versanddienstleister weiter, damit dieser vor Zustellung zum Zwecke der Lieferungsank\u00fcndigung bzw. -abstimmung Kontakt mit Ihnen aufnehmen kann.<br \/>\nDie Einwilligung kann jederzeit durch eine Nachricht an die in dieser Datenschutzerkl\u00e4rung beschriebene Kontaktm\u00f6glichkeit oder direkt gegen\u00fcber dem Versanddienstleister unter im Folgenden aufgef\u00fchrten Kontaktadresse widerrufen werden. Nach Widerruf l\u00f6schen wir Ihre hierf\u00fcr angegebenen Daten, soweit Sie nicht ausdr\u00fccklich in eine weitere Nutzung Ihrer Daten eingewilligt haben oder wir uns eine dar\u00fcber hinausgehende Datenverwendung vorbehalten, die gesetzlich erlaubt ist und \u00fcber die wir Sie in dieser Erkl\u00e4rung informieren.<\/p>\n<p>DPD Deutschland GmbH<br \/>\nWailandtstra\u00dfe 1<br \/>\n63741 Aschaffenburg<br \/>\nDeutschland<\/p>\n<p>United Parcel Service Deutschland S.\u00e0 r.l. &amp; Co. OHG<br \/>\nG\u00f6rlitzer Stra\u00dfe 1<br \/>\n41460 Neuss<br \/>\nDeutschland<\/p>\n<p>4. DATENVERARBEITUNG ZUR ZAHLUNGSABWICKLUNG<br \/>\nBei der Abwicklung von Zahlungen in unserem Online-Shop arbeiten wir mit diesen Partnern zusammen: technische Dienstleister, Kreditinstitute, Zahlungsdienstleister.<\/p>\n<p>4.1 DATENVERARBEITUNG ZUR TRANSAKTIONSABWICKLUNG<br \/>\nJe nach ausgew\u00e4hlter Zahlungsart geben wir die f\u00fcr die Abwicklung der Zahlungstransaktion notwendigen Daten an unsere technischen Dienstleister, die im Rahmen einer Auftragsverarbeitung f\u00fcr uns t\u00e4tig sind, oder an die beauftragten Kreditinstitute oder an den ausgew\u00e4hlten Zahlungsdienstleister weiter, soweit dies zur Abwicklung der Zahlung erforderlich ist. Dies dient der Vertragserf\u00fcllung gem\u00e4\u00df Art. 6 Abs. 1 S. 1 lit. b DSGVO. Zum Teil erheben die Zahlungsdienstleister die f\u00fcr die Abwicklung der Zahlung erforderlichen Daten selbst, z.B. auf ihrer eigenen Webseite oder \u00fcber eine technische Einbindung im Bestellprozess. Es gilt insoweit die Datenschutzerkl\u00e4rung des jeweiligen Zahlungsdienstleisters.<br \/>\nBei Fragen zu unseren Partnern f\u00fcr die Zahlungsabwicklung und der Grundlage unserer Zusammenarbeit mit ihnen wenden Sie sich bitte an die in dieser Datenschutzerkl\u00e4rung beschriebenen Kontaktm\u00f6glichkeit.<\/p>\n<p>4.2 DATENVERARBEITUNG ZUM ZWECKE DER BETRUGSPR\u00c4VENTION UND DER OPTIMIERUNG UNSERER ZAHLUNGSPROZESSE<br \/>\nGegebenenfalls geben wir unseren Dienstleistern weitere Daten, die sie zusammen mit den f\u00fcr die Abwicklung der Zahlung notwendigen Daten als unsere Auftragsverarbeiter zum Zwecke der Betrugspr\u00e4vention und der Optimierung unserer Zahlungsprozesse (z.B. Rechnungsstellung, Abwicklung von angefochtenen Zahlungen, Unterst\u00fctzung der Buchhaltung) verwenden. Dies dient gem\u00e4\u00df Art. 6 Abs. 1 S. 1 lit. f DSGVO der Wahrung unserer im Rahmen einer Interessensabw\u00e4gung \u00fcberwiegenden berechtigten Interessen an unserer Absicherung gegen Betrug bzw. an einem effizienten Zahlungsmanagement.<\/p>\n<p>4.3 IDENTIT\u00c4TS- UND BONIT\u00c4TSPR\u00dcFUNG BEI AUSWAHL VON KLARNA ZAHLUNGSDIENSTLEISTUNGEN<br \/>\nKlarna Pay later (Kauf auf Rechnung)<br \/>\nWenn Sie sich f\u00fcr die Zahlungsdienstleistungen der Klarna Bank AB (publ), Sveav\u00e4gen 46, 111 34 Stockholm, Schweden (im Folgenden Klarna) entscheiden, bitten wir Sie um Ihre Einwilligung nach Art. 6 Abs. 1 S. 1 lit. a DSGVO, dass wir die f\u00fcr die Abwicklung der Zahlung und eine Identit\u00e4ts- und Bonit\u00e4tspr\u00fcfung notwendigen Daten an Klarna \u00fcbermitteln d\u00fcrfen. In Deutschland k\u00f6nnen f\u00fcr die Identit\u00e4ts- und Bonit\u00e4tspr\u00fcfung die in der Datenschutzerkl\u00e4rung [https:\/\/cdn.klarna.com\/1.0\/shared\/content\/legal\/terms\/0\/de_de\/privacy] von Klarna genannten Wirtschaftsauskunfteien eingesetzt werden. Die erhaltenen Informationen \u00fcber die statistische Wahrscheinlichkeit eines Zahlungsausfalls verwendet Klarna f\u00fcr eine abgewogene Entscheidung \u00fcber die Begr\u00fcndung, Durchf\u00fchrung oder Beendigung des Vertragsverh\u00e4ltnisses. Ihre Einwilligung k\u00f6nnen Sie jederzeit durch eine Nachricht an die in dieser Datenschutzerkl\u00e4rung genannten Kontaktm\u00f6glichkeit widerrufen. Dies kann zur Folge haben, dass wir Ihnen bestimmte Zahlungsoptionen nicht mehr anbieten k\u00f6nnen. Sie k\u00f6nnen Ihre Einwilligung zu dieser Verwendung der personenbezogenen Daten jederzeit auch gegen\u00fcber Klarna widerrufen.<\/p>\n<p>5. COOKIES UND WEITERE TECHNOLOGIEN<br \/>\nALLGEMEINE INFORMATIONEN<br \/>\nUm den Besuch unserer Webseite attraktiv zu gestalten und die Nutzung bestimmter Funktionen zu erm\u00f6glichen, verwenden wir auf verschiedenen Seiten Technologien einschlie\u00dflich sogenannter Cookies. Cookies sind kleine Textdateien, die automatisch auf Ihrem Endger\u00e4t gespeichert werden. Einige der von uns verwendeten Cookies werden nach Ende der Browser-Sitzung, also nach Schlie\u00dfen Ihres Browsers, wieder gel\u00f6scht (sog. Sitzungs-Cookies). Andere Cookies verbleiben auf Ihrem Endger\u00e4t und erm\u00f6glichen uns, Ihren Browser beim n\u00e4chsten Besuch wiederzuerkennen (persistente Cookies).<br \/>\nWir verwenden solche Technologien, die f\u00fcr die Nutzung bestimmter Funktionen unserer Webseite (z.B. Warenkorbfunktion) zwingend erforderlich sind. Durch diese Technologien werden IP-Adresse, Zeitpunkt des Besuchs, Ger\u00e4te- und Browser-Informationen sowie Informationen zu Ihrer Nutzung unserer Webseite (z. B. Informationen zum Inhalt des Warenkorbs) erhoben und verarbeitet. Dies dient im Rahmen einer Interessensabw\u00e4gung \u00fcberwiegenden berechtigten Interessen an einer optimierten Darstellung unseres Angebots gem\u00e4\u00df Art. 6 Abs. 1 S. 1 lit. f DSGVO.<\/p>\n<p>Zudem verwenden wir Technologien zur Erf\u00fcllung der rechtlichen Verpflichtungen, denen wir unterliegen (z.B. um Einwilligungen in die Verarbeitung Ihrer personenbezogenen Daten nachweisen zu k\u00f6nnen) sowie zu Webanalyse und Online-Marketing. Weitere Informationen hierzu einschlie\u00dflich der jeweiligen Rechtsgrundlage f\u00fcr die Datenverarbeitung finden Sie in den nachfolgenden Abschnitten dieser Datenschutzerkl\u00e4rung.<\/p>\n<p>Die Cookie-Einstellungen f\u00fcr Ihren Browser finden Sie unter den folgenden Links: Microsoft Edge\u2122 [https:\/\/support.microsoft.com\/de-de\/help\/4027947\/microsoft-edge-delete-cookies] \/ Safari\u2122 [https:\/\/support.apple.com\/de-de\/guide\/safari\/sfri11471\/12.0\/mac\/10.14] \/ Chrome\u2122 [https:\/\/support.google.com\/chrome\/answer\/95647?hl=de&amp;hlrm=en] \/ Firefox\u2122 [https:\/\/support.mozilla.org\/de\/products\/firefox\/protect-your-privacy\/cookies] \/ Opera\u2122 [https:\/\/help.opera.com\/de\/latest\/web-preferences\/#cookies]<\/p>\n<p>Soweit Sie in die Verwendung der Technologien gem\u00e4\u00df Art. 6 Abs. 1 S. 1 lit. a DSGVO eingewilligt haben, k\u00f6nnen Sie Ihre Einwilligung jederzeit widerrufen durch eine Nachricht an die in der Datenschutzerkl\u00e4rung beschriebenen Kontaktm\u00f6glichkeit.<\/p>\n<p>6. EINSATZ VON COOKIES UND ANDEREN TECHNOLOGIEN ZU WEBANALYSE UND WERBEZWECKEN<br \/>\nSoweit Sie hierzu Ihre Einwilligung nach Art. 6 Abs. 1 S. 1 lit. a DSGVO erteilt haben, verwenden wir auf unserer Webseite die nachfolgenden Cookies und andere Technologien von Drittanbietern. Nach Zweckfortfall und Ende des Einsatzes der jeweiligen Technologie durch uns werden die in diesem Zusammenhang erhobenen Daten gel\u00f6scht. Sie k\u00f6nnen Ihre Einwilligung jederzeit mit Wirkung f\u00fcr die Zukunft widerrufen. Weitere Informationen zu Ihren Widerrufsm\u00f6glichkeiten finden Sie in dem Abschnitt &#8222;Cookies und weitere Technologien&#8220;. Weitere Informationen einschlie\u00dflich der Grundlage unserer Zusammenarbeit mit den einzelnen Anbietern finden Sie bei den einzelnen Technologien. Bei Fragen zu den Anbietern und der Grundlage unserer Zusammenarbeit mit ihnen wenden Sie sich bitte an die in dieser Datenschutzerkl\u00e4rung beschriebenen Kontaktm\u00f6glichkeit.<\/p>\n<p>EINSATZ VON GOOGLE-DIENSTEN<br \/>\nWir verwenden die nachfolgend dargestellten Technologien der Google Ireland Ltd., Gordon House, Barrow Street, Dublin 4, Irland (\u201eGoogle\u201c). Die durch die Google Technologien automatisch erhobenen Informationen \u00fcber Ihre Nutzung unserer Webseite werden in der Regel an einen Server der Google LLC, 1600 Amphitheatre Parkway Mountain View, CA 94043, USA \u00fcbertragen und dort gespeichert. F\u00fcr die USA liegt kein Angemessenheitsbeschluss der Europ\u00e4ischen Kommission vor. Unsere Zusammenarbeit mit ihnen st\u00fctzt sich auf Standarddatenschutzklauseln der Europ\u00e4ischen Kommission. Sofern Ihre IP-Adresse \u00fcber die Google Technologien erhoben wird, wird sie vor der Speicherung auf den Servern von Google durch die Aktivierung der IP-Anonymisierung gek\u00fcrzt. Nur in Ausnahmef\u00e4llen wird die volle IP-Adresse an einen Server von Google \u00fcbertragen und dort gek\u00fcrzt. Soweit bei den einzelnen Technologien nichts Abweichendes angeben ist, erfolgt die Datenverarbeitung auf Grundlage einer f\u00fcr die jeweilige Technologie geschlossenen Vereinbarung zwischen gemeinsam Verantwortlichen gem\u00e4\u00df Art. 26 DSGVO. Weitergehende Informationen \u00fcber die Datenverarbeitung durch Google finden Sie in den Datenschutzhinweisen von Google [https:\/\/policies.google.com\/privacy?hl=de].<\/p>\n<p>GOOGLE ANALYTICS<br \/>\nZum Zweck der Webseitenanalyse werden mit Google Analytics Daten (IP-Adresse, Zeitpunkt des Besuchs, Ger\u00e4te- und Browser-Informationen sowie Informationen zu Ihrer Nutzung unserer Webseite) automatisch erhoben und gespeichert, aus denen unter Verwendung von Pseudonymen Nutzungsprofile erstellt werden. Hierzu k\u00f6nnen Cookies eingesetzt werden. Ihre IP-Adresse wird grunds\u00e4tzlich nicht mit anderen Daten von Google zusammengef\u00fchrt. Die Datenverarbeitung erfolgt auf Grundlage einer Vereinbarung \u00fcber die Auftragsverarbeitung durch Google.<\/p>\n<p>7. INTEGRATION DES TRUSTED SHOPS TRUSTBADGE<br \/>\nZur Anzeige unserer der gegebenenfalls gesammelten Bewertungen sowie zum Angebot der Trusted Shops Produkte f\u00fcr K\u00e4ufer nach einer Bestellung ist auf dieser Webseite das Trusted Shops Trustbadge eingebunden.<\/p>\n<p>Dies dient der Wahrung unserer im Rahmen einer Interessensabw\u00e4gung \u00fcberwiegenden berechtigten Interessen an einer optimalen Vermarktung durch Erm\u00f6glichung eines sicheren Einkaufs gem\u00e4\u00df Art. 6 Abs. 1 S. 1 lit. f DSGVO. Das Trustbadge und die damit beworbenen Dienste sind ein Angebot der Trusted Shops GmbH, Subbelrather Str. 15C, 50823 K\u00f6ln. Das Trustbadge wird im Rahmen einer Auftragsverarbeitung durch einen CDN-Anbieter (Content-Delivery-Network) zur Verf\u00fcgung gestellt. Die Trusted Shops GmbH setzt auch Dienstleister aus den USA ein. Ein angemessenes Datenschutzniveau ist sichergestellt. Weitere Informationen zum Datenschutz der Trusted Shops GmbH finden Sie hier [https:\/\/www.trustedshops.de\/impressum\/#datenschutz].<\/p>\n<p>Bei dem Aufruf des Trustbadge speichert der Webserver automatisch ein sogenanntes Server-Logfile, das auch Ihre IP-Adresse, Datum und Uhrzeit des Abrufs, \u00fcbertragene Datenmenge und den anfragenden Provider (Zugriffsdaten) enth\u00e4lt und den Abruf dokumentiert. Einzelne Zugriffsdaten werden f\u00fcr die Analyse von Sicherheitsauff\u00e4lligkeiten in einer Sicherheitsdatenbank gespeichert. Die Logfiles werden sp\u00e4testens 90 Tage nach Erstellung automatisch gel\u00f6scht.<\/p>\n<p>Weitere personenbezogene Daten werden an die Trusted Shops GmbH \u00fcbertragen, wenn Sie sich nach Abschluss einer Bestellung f\u00fcr die Nutzung von Trusted Shops Produkten entscheiden oder sich bereits f\u00fcr die Nutzung registriert haben. Es gilt die zwischen Ihnen und Trusted Shops getroffene vertragliche Vereinbarung. Hierf\u00fcr erfolgt eine automatische Erhebung personenbezogener Daten aus den Bestelldaten. Ob Sie als K\u00e4ufer bereits f\u00fcr eine Produktnutzung registriert ist, wird anhand eines neutralen Parameters, der per kryptologischer Einwegfunktion gehashten E-Mail-Adresse, automatisiert \u00fcberpr\u00fcft. Die E-Mail Adresse wird vor der \u00dcbermittlung in diesen f\u00fcr Trusted Shops nicht zu entschl\u00fcsselnden Hash-Wert umgerechnet. Nach \u00dcberpr\u00fcfung auf einen Match, wird der Parameter automatisch gel\u00f6scht.<\/p>\n<p>Dies ist f\u00fcr die Erf\u00fcllung unserer und Trusted Shops\u2018 \u00fcberwiegender berechtigter Interessen an der Erbringung des jeweils an die konkrete Bestellung gekoppelten K\u00e4uferschutzes und der transaktionellen Bewertungsleistungen gem. Art. 6 Abs. 1 S. 1 lit. f DSGVO erforderlich. Weitere Details, auch zum Widerspruch, sind der oben und im Trustbadge verlinkten Trusted Shops Datenschutzerkl\u00e4rung zu entnehmen.<\/p>\n<p>8. KONTAKTM\u00d6GLICHKEITEN UND IHRE RECHTE<br \/>\nAls Betroffener haben Sie folgende Rechte:<\/p>\n<p>* gem\u00e4\u00df Art. 15 DSGVO das Recht, in dem dort bezeichneten Umfang Auskunft \u00fcber Ihre von uns verarbeiteten personenbezogenen Daten zu verlangen;<br \/>\n* gem\u00e4\u00df Art. 16 DSGVO das Recht, unverz\u00fcglich die Berichtigung unrichtiger oder Vervollst\u00e4ndigung Ihrer bei uns gespeicherten personenbezogenen Daten zu verlangen;<br \/>\n* gem\u00e4\u00df Art. 17 DSGVO das Recht, die L\u00f6schung Ihrer bei uns gespeicherten personenbezogenen Daten zu verlangen, soweit nicht die weitere Verarbeitung  * zur Aus\u00fcbung des Rechts auf freie Meinungs\u00e4u\u00dferung und Information;<br \/>\n* zur Erf\u00fcllung einer rechtlichen Verpflichtung;<br \/>\n* aus Gr\u00fcnden des \u00f6ffentlichen Interesses oder<br \/>\n* zur Geltendmachung, Aus\u00fcbung oder Verteidigung von Rechtsanspr\u00fcchen erforderlich ist;<\/p>\n<p>* gem\u00e4\u00df Art. 18 DSGVO das Recht, die Einschr\u00e4nkung der Verarbeitung Ihrer personenbezogenen Daten zu verlangen, soweit  * die Richtigkeit der Daten von Ihnen bestritten wird;<br \/>\n* die Verarbeitung unrechtm\u00e4\u00dfig ist, Sie aber deren L\u00f6schung ablehnen;<br \/>\n* wir die Daten nicht mehr ben\u00f6tigen, Sie diese jedoch zur Geltendmachung, Aus\u00fcbung oder Verteidigung von Rechtsanspr\u00fcchen ben\u00f6tigen oder<br \/>\n* Sie gem\u00e4\u00df Art. 21 DSGVO Widerspruch gegen die Verarbeitung eingelegt haben;<\/p>\n<p>* gem\u00e4\u00df Art. 20 DSGVO das Recht, Ihre personenbezogenen Daten, die Sie uns bereitgestellt haben, in einem strukturierten, g\u00e4ngigen und maschinenlesbaren Format zu erhalten oder die \u00dcbermittlung an einen anderen Verantwortlichen zu verlangen;<br \/>\n* gem\u00e4\u00df Art. 77 DSGVO das Recht, sich bei einer Aufsichtsbeh\u00f6rde zu beschweren. In der Regel k\u00f6nnen Sie sich hierf\u00fcr an die Aufsichtsbeh\u00f6rde Ihres \u00fcblichen Aufenthaltsortes oder Arbeitsplatzes oder unseres Unternehmenssitzes wenden.<\/p>\n<p>Bei Fragen zur Erhebung, Verarbeitung oder Nutzung Ihrer personenbezogenen Daten, bei Ausk\u00fcnften, Berichtigung, Einschr\u00e4nkung oder L\u00f6schung von Daten sowie Widerruf erteilter Einwilligungen oder Widerspruch gegen eine bestimmte Datenverwendung wenden Sie sich bitte direkt an uns \u00fcber die Kontaktdaten in unserem Impressum.<\/p>\n<p>Widerspruchsrecht<\/p>\n<p>Soweit wir zur Wahrung unserer im Rahmen einer Interessensabw\u00e4gung \u00fcberwiegenden berechtigten Interessen personenbezogene Daten wie oben erl\u00e4utert verarbeiten, k\u00f6nnen Sie dieser Verarbeitung mit Wirkung f\u00fcr die Zukunft widersprechen. Erfolgt die Verarbeitung zu Zwecken des Direktmarketings, k\u00f6nnen Sie dieses Recht jederzeit wie oben beschrieben aus\u00fcben. Soweit die Verarbeitung zu anderen Zwecken erfolgt, steht Ihnen ein Widerspruchsrecht nur bei Vorliegen von Gr\u00fcnden, die sich aus Ihrer besonderen Situation ergeben, zu.<\/p>\n<p>Nach Aus\u00fcbung Ihres Widerspruchsrechts werden wir Ihre personenbezogenen Daten nicht weiter zu diesen Zwecken verarbeiten, es sei denn, wir k\u00f6nnen zwingende schutzw\u00fcrdige Gr\u00fcnde f\u00fcr die Verarbeitung nachweisen, die Ihre Interessen, Rechte und Freiheiten \u00fcberwiegen, oder wenn die Verarbeitung der Geltendmachung, Aus\u00fcbung oder Verteidigung von Rechtsanspr\u00fcchen dient.<\/p>\n<p>Dies gilt nicht, wenn die Verarbeitung zu Zwecken des Direktmarketings erfolgt. Dann werden wir Ihre personenbezogenen Daten nicht weiter zu diesem Zweck verarbeiten.<\/p>\n<p>Newsletter:&#8220;E-Mail-Werbung mit Anmeldung zum Newsletter Wenn Sie sich zu unserem Newsletter anmelden, verwenden wir die hierf\u00fcr erforderlichen oder gesondert von Ihnen mitgeteilten Daten, um Ihnen regelm\u00e4\u00dfig unseren E-Mail-Newsletter aufgrund Ihrer Einwilligung gem\u00e4\u00df Art. 6 Abs. 1 S. 1 lit. a DSGVO zuzusenden. Die Abmeldung vom Newsletter ist jederzeit m\u00f6glich und kann entweder durch eine Nachricht an die unten beschriebene Kontaktm\u00f6glichkeit oder \u00fcber einen daf\u00fcr vorgesehenen Link im Newsletter erfolgen. Nach Abmeldung l\u00f6schen wir Ihre E-Mail-Adresse, soweit Sie nicht ausdr\u00fccklich in eine weitere Nutzung Ihrer Daten eingewilligt haben oder wir uns eine dar\u00fcber hinausgehende Datenverwendung vorbehalten, die gesetzlich erlaubt ist und \u00fcber die wir Sie in dieser Erkl\u00e4rung informieren.&#8220;<\/p>\n","protected":false},"excerpt":{"rendered":"<p>Privacy Policy The responsible for data processing is: TJ Papen Hertog Hendriklaan 7A 3743DL Baarn Netherlands info@rauchlosefreiheit.de Thank you for your interest in our online shop. The protection of your privacy is very important to us. Below we inform you in detail about the handling of your data. 1. ACCESS DATA AND HOSTING You can visit our website without giving any information about your ...<\/p>","protected":false},"author":1,"featured_media":0,"parent":0,"menu_order":0,"comment_status":"closed","ping_status":"closed","template":"","meta":{"_acf_changed":false,"_genesis_hide_title":false,"_genesis_hide_breadcrumbs":false,"_genesis_hide_singular_image":false,"_genesis_hide_footer_widgets":false,"_genesis_custom_body_class":"","_genesis_custom_post_class":"","_genesis_layout":"","footnotes":""},"class_list":{"1":"page","2":"type-page","5":"entry"},"acf":[],"_links":{"self":[{"href":"https:\/\/rauchlosefreiheit.de\/en\/wp-json\/wp\/v2\/pages\/41271","targetHints":{"allow":["GET"]}}],"collection":[{"href":"https:\/\/rauchlosefreiheit.de\/en\/wp-json\/wp\/v2\/pages"}],"about":[{"href":"https:\/\/rauchlosefreiheit.de\/en\/wp-json\/wp\/v2\/types\/page"}],"author":[{"embeddable":true,"href":"https:\/\/rauchlosefreiheit.de\/en\/wp-json\/wp\/v2\/users\/1"}],"replies":[{"embeddable":true,"href":"https:\/\/rauchlosefreiheit.de\/en\/wp-json\/wp\/v2\/comments?post=41271"}],"version-history":[{"count":3,"href":"https:\/\/rauchlosefreiheit.de\/en\/wp-json\/wp\/v2\/pages\/41271\/revisions"}],"predecessor-version":[{"id":41444,"href":"https:\/\/rauchlosefreiheit.de\/en\/wp-json\/wp\/v2\/pages\/41271\/revisions\/41444"}],"wp:attachment":[{"href":"https:\/\/rauchlosefreiheit.de\/en\/wp-json\/wp\/v2\/media?parent=41271"}],"curies":[{"name":"wp","href":"https:\/\/api.w.org\/{rel}","templated":true}]}}