{"id":3905,"date":"2015-08-13T10:31:15","date_gmt":"2015-08-13T10:31:15","guid":{"rendered":"https:\/\/rauchlosefreiheit.de\/?page_id=3905"},"modified":"2021-05-07T12:05:19","modified_gmt":"2021-05-07T12:05:19","slug":"e-liquid-rechner-deutschland","status":"publish","type":"page","link":"https:\/\/rauchlosefreiheit.de\/en\/e-liquid-calculator\/","title":{"rendered":"E-Liquid Calculator Germany"},"content":{"rendered":"<p>[lmc-calculator]<\/p>\n<p>Sehen Sie hier Ihre gespeicherten <a href=\"https:\/\/rauchlosefreiheit.de\/e-liquid-rezepte\/\">E-Liquid Rezepte<\/a><\/p>\n<p>\u00a0<\/p>\n<p>\u00a0<\/p>\n\n\n<\/p>\n<p>\n\n\n<p><\/p>\n\n\n<div class=\"wp-block-columns is-layout-flex wp-container-core-columns-is-layout-9d6595d7 wp-block-columns-is-layout-flex\">\n<div class=\"wp-block-column is-layout-flow wp-block-column-is-layout-flow\">\n<h3 class=\"wp-block-heading\">Erl\u00e4uterung<\/h3>\n\n\n\n<p>E-Liquid Rechner, ihr eigenes Rezept erstellen. Bei Nikotin Base geben Sie die St\u00e4rke Ihrer Basis ein, zum Beispiel 100 mg \/ ml oder 36 mg \/ ml. Bei der gew\u00fcnschten Nikotinst\u00e4rke geben Sie die St\u00e4rke ein, die Sie verdampfen m\u00f6chten.&nbsp;<\/p>\n<\/div>\n\n\n\n<div class=\"wp-block-column is-layout-flow wp-block-column-is-layout-flow\">\n<h3 class=\"wp-block-heading\">Gew\u00fcnschten Menge<\/h3>\n\n\n\n<p>Bei der gew\u00fcnschten Menge geben Sie an, wie viel Sie machen m\u00f6chten. Sie k\u00f6nnen Wasser hinzuf\u00fcgen, kein Wasser, 0 eingeben. Der Geschmacksanteil liegt normalerweise bei 10%, aber weniger bei Menthol 5%, auch die Tabakaromen von La Tabaccheria sind mit 5% in Ordnung<\/p>\n<\/div>\n\n\n\n<div class=\"wp-block-column is-layout-flow wp-block-column-is-layout-flow\">\n<h3 class=\"wp-block-heading\">Andere komponenten<\/h3>\n\n\n\n<p>Destilliertes Wasser oder Wodka sind ebenfalls Bestandteile, die verwendet werden k\u00f6nnen. Diese machen die Fl\u00fcssigkeit etwas d\u00fcnner, ohne dass Sie PG hinzuf\u00fcgen m\u00fcssen.<\/p>\n<\/div>\n<\/div>\n","protected":false},"excerpt":{"rendered":"<p>[lmc-calculator] Sehen Sie hier Ihre gespeicherten E-Liquid Rezepte \u00a0 \u00a0 Erl\u00e4uterung E-Liquid Rechner, ihr eigenes Rezept erstellen. Bei Nikotin Base geben Sie die St\u00e4rke Ihrer Basis ein, zum Beispiel 100 mg \/ ml oder 36 mg \/ ml. Bei der gew\u00fcnschten Nikotinst\u00e4rke geben Sie die St\u00e4rke ein, die Sie verdampfen m\u00f6chten.&nbsp; Gew\u00fcnschten Menge Bei der &hellip;<\/p>\n","protected":false},"author":1,"featured_media":0,"parent":0,"menu_order":0,"comment_status":"closed","ping_status":"closed","template":"","meta":{"_acf_changed":false,"_genesis_hide_title":false,"_genesis_hide_breadcrumbs":false,"_genesis_hide_singular_image":false,"_genesis_hide_footer_widgets":false,"_genesis_custom_body_class":"","_genesis_custom_post_class":"","_genesis_layout":"","footnotes":""},"class_list":{"1":"page","2":"type-page","5":"entry"},"acf":[],"_links":{"self":[{"href":"https:\/\/rauchlosefreiheit.de\/en\/wp-json\/wp\/v2\/pages\/3905","targetHints":{"allow":["GET"]}}],"collection":[{"href":"https:\/\/rauchlosefreiheit.de\/en\/wp-json\/wp\/v2\/pages"}],"about":[{"href":"https:\/\/rauchlosefreiheit.de\/en\/wp-json\/wp\/v2\/types\/page"}],"author":[{"embeddable":true,"href":"https:\/\/rauchlosefreiheit.de\/en\/wp-json\/wp\/v2\/users\/1"}],"replies":[{"embeddable":true,"href":"https:\/\/rauchlosefreiheit.de\/en\/wp-json\/wp\/v2\/comments?post=3905"}],"version-history":[{"count":46,"href":"https:\/\/rauchlosefreiheit.de\/en\/wp-json\/wp\/v2\/pages\/3905\/revisions"}],"predecessor-version":[{"id":41297,"href":"https:\/\/rauchlosefreiheit.de\/en\/wp-json\/wp\/v2\/pages\/3905\/revisions\/41297"}],"wp:attachment":[{"href":"https:\/\/rauchlosefreiheit.de\/en\/wp-json\/wp\/v2\/media?parent=3905"}],"curies":[{"name":"wp","href":"https:\/\/api.w.org\/{rel}","templated":true}]}}